{"id":9139,"date":"2022-11-14T09:06:01","date_gmt":"2022-11-14T08:06:01","guid":{"rendered":"https:\/\/jugend.ufra-schach.de\/?page_id=9139"},"modified":"2022-12-30T19:05:59","modified_gmt":"2022-12-30T18:05:59","slug":"kader-taktikaufgaben","status":"publish","type":"page","link":"https:\/\/jugend.ufra-schach.de\/index.php\/kader\/kader-taktikaufgaben\/","title":{"rendered":"Kader &#8211; Taktikaufgaben"},"content":{"rendered":"\n<p>17.12.2022 Taktikaufgabe<\/p>\n\n\n\n<p>Quelle: Augustus Gucaga \u2013 Vincent Keymer, Europameisterschaften U8 in Prag, 2012<\/p>\n\n\n\n<p>Schwierigkeitsgrad: Level 1<\/p>\n\n\n\n<p>Unser aktuell bester m\u00e4nnlicher Schachspieler, Vincent Keymer,zeigte sein Talent auch schon in jungen Jahren.  Er griff in dieser Partie vor 10 Jahren mit dem schwarzen Springer auf g4 den wei\u00dfen L\u00e4ufer auf e3 an. Augustus zog Lg5. Was ist hier der Gewinnerzug f\u00fcr schwarz? Welchen Zug h\u00e4tte wei\u00df statt Lg5 besser spielen sollen?<\/p>\n\n\n\n<figure class=\"wp-block-image size-large is-resized\"><a href=\"https:\/\/jugend.ufra-schach.de\/wp-content\/uploads\/2022\/12\/grafik.png\"><img loading=\"lazy\" decoding=\"async\" src=\"https:\/\/jugend.ufra-schach.de\/wp-content\/uploads\/2022\/12\/grafik.png\" alt=\"\" class=\"wp-image-9179\" width=\"518\" height=\"535\" srcset=\"https:\/\/jugend.ufra-schach.de\/wp-content\/uploads\/2022\/12\/grafik.png 501w, https:\/\/jugend.ufra-schach.de\/wp-content\/uploads\/2022\/12\/grafik-291x300.png 291w\" sizes=\"auto, (max-width: 518px) 100vw, 518px\" \/><\/a><\/figure>\n\n\n\n<p>L\u00d6SUNG: Lg5 brachte wei\u00df endg\u00fcltig auf die Verliererstra\u00dfe. Vincent spielte nach Lg5 &#8230;Db6+Der wei\u00dfe K\u00f6nig hat nunmehr keine Felder mehr, d.h. er musste eine Figur dazwischen ziehen, was nur mit Turm oder Dame m\u00f6glich war. Augustus zug Tf2, es folgten &#8230;Sxf2 Dxf2 Dxf2 und nur zehn Z\u00fcge sp\u00e4ter war die Partie mit 0:1 f\u00fcr Vincent gewonnen. Ein wesentlich besserer Zug statt Lg5 w\u00e4re f5xe6 gewesen, der Druck auf den wei\u00dffeldrigen L\u00e4ufer aus\u00fcbt.<\/p>\n\n\n\n<p>04.12.2022 Endspiel<\/p>\n\n\n\n<p>Quelle: Pfarr &#8211; Babiy, 27.11.2022<\/p>\n\n\n\n<p>Schwierigkeitsgrad: Level 3<\/p>\n\n\n\n<p>Schwarz am Zug. Finde in den n\u00e4chsten vier Z\u00fcgen den Weg, dass schwarz seinen K\u00f6nig ausser Gefahr bringt.<\/p>\n\n\n\n<figure class=\"wp-block-image size-large is-resized\"><a href=\"https:\/\/jugend.ufra-schach.de\/wp-content\/uploads\/2022\/12\/Brett.jpg\"><img loading=\"lazy\" decoding=\"async\" src=\"https:\/\/jugend.ufra-schach.de\/wp-content\/uploads\/2022\/12\/Brett.jpg\" alt=\"\" class=\"wp-image-9174\" width=\"524\" height=\"522\" srcset=\"https:\/\/jugend.ufra-schach.de\/wp-content\/uploads\/2022\/12\/Brett.jpg 943w, https:\/\/jugend.ufra-schach.de\/wp-content\/uploads\/2022\/12\/Brett-300x300.jpg 300w, https:\/\/jugend.ufra-schach.de\/wp-content\/uploads\/2022\/12\/Brett-150x150.jpg 150w, https:\/\/jugend.ufra-schach.de\/wp-content\/uploads\/2022\/12\/Brett-768x766.jpg 768w, https:\/\/jugend.ufra-schach.de\/wp-content\/uploads\/2022\/12\/Brett-60x60.jpg 60w\" sizes=\"auto, (max-width: 524px) 100vw, 524px\" \/><\/a><\/figure>\n\n\n\n<p>L\u00d6SUNG:<\/p>\n\n\n\n<p>Diese, recht anspruchsvolle, Zugfolge geht folgenderma\u00dfen:<\/p>\n\n\n\n<p>1&#8230;Dxb5 2. Dxd6+ Dd7 3. Db8+ Dc8 4. Dd6+ Ke8 5.Dg6+ Kf8<\/p>\n\n\n\n<p>30.11.2022 Fortsetzung der Aufgabe vom 24.11.2022<\/p>\n\n\n\n<p>Quelle: Dale Ruth \u2013 Robert James Fischer USA-ch 57<sup>th<\/sup> open 1956 Oklahoma City, schwarz am Zug<\/p>\n\n\n\n<p>Schwierigkeitsgrad: Level 1<\/p>\n\n\n\n<p>Bobby Fischer hatte die Stellung wohl etwas tiefer gerechnet als Ruth, er spielte 19. &#8230;Lxd6, worauf Ruth mit Dxa8 den Turm schlug. Sollte Bobby Fischer sich jetzt Sorgen machen oder gibt es Gegenspiel?<\/p>\n\n\n\n<figure class=\"wp-block-image size-large is-resized\"><a href=\"https:\/\/jugend.ufra-schach.de\/wp-content\/uploads\/2022\/11\/brett-3.jpg\"><img loading=\"lazy\" decoding=\"async\" src=\"https:\/\/jugend.ufra-schach.de\/wp-content\/uploads\/2022\/11\/brett-3.jpg\" alt=\"\" class=\"wp-image-9168\" width=\"526\" height=\"545\" srcset=\"https:\/\/jugend.ufra-schach.de\/wp-content\/uploads\/2022\/11\/brett-3.jpg 773w, https:\/\/jugend.ufra-schach.de\/wp-content\/uploads\/2022\/11\/brett-3-290x300.jpg 290w, https:\/\/jugend.ufra-schach.de\/wp-content\/uploads\/2022\/11\/brett-3-768x796.jpg 768w\" sizes=\"auto, (max-width: 526px) 100vw, 526px\" \/><\/a><\/figure>\n\n\n\n<p>L\u00d6SUNG:<\/p>\n\n\n\n<p>20 &#8230;Lb7 ist hier der Zug, der schwarz Vorteil von +7 bringt. Die wei\u00dfe Dame hat danach keine Felder mehr, um den schwarzen L\u00e4ufern zu entkommen. Ruth spielte 21 Dxf8 und gab nach dem 24. Zug auf.<\/p>\n\n\n\n<p>24.11.2022 Taktikaufgabe<\/p>\n\n\n\n<p>Quelle: Dale Ruth \u2013 Robert James Fischer USA-ch 57<sup>th<\/sup> open 1956, schwarz am Zug<\/p>\n\n\n\n<p>Schwierigkeitsgrad Stufe 3<\/p>\n\n\n\n<p>Diese von Anfang bis Ende sehenswerte Partie brachte Ruth mit dem 19. Zug d6 auf die Verliererstra\u00dfe. Findet Ihr heraus, was seine Idee hinter d6 ist? Welchen Zug sollte Bobby Fischer mit schwarz jetzt spielen? N\u00e4chste Woche besprechen wir dann, warum Ruth&#8217;s Idee nicht funktioniert.<\/p>\n\n\n\n<figure class=\"wp-block-image size-large is-resized\"><a href=\"https:\/\/jugend.ufra-schach.de\/wp-content\/uploads\/2022\/11\/brett-2.jpg\"><img loading=\"lazy\" decoding=\"async\" src=\"https:\/\/jugend.ufra-schach.de\/wp-content\/uploads\/2022\/11\/brett-2.jpg\" alt=\"\" class=\"wp-image-9163\" width=\"525\" height=\"536\" srcset=\"https:\/\/jugend.ufra-schach.de\/wp-content\/uploads\/2022\/11\/brett-2.jpg 770w, https:\/\/jugend.ufra-schach.de\/wp-content\/uploads\/2022\/11\/brett-2-294x300.jpg 294w, https:\/\/jugend.ufra-schach.de\/wp-content\/uploads\/2022\/11\/brett-2-768x784.jpg 768w, https:\/\/jugend.ufra-schach.de\/wp-content\/uploads\/2022\/11\/brett-2-60x60.jpg 60w\" sizes=\"auto, (max-width: 525px) 100vw, 525px\" \/><\/a><\/figure>\n\n\n\n<p>L\u00d6SUNG:<\/p>\n\n\n\n<p>Mit dem Abzugsangriff d6 greift Ruth drei schwarze Figuren an: die Dame auf C7, den L\u00e4ufer auf e7 und den Turm auf a8 (\u00fcber die Dame e4). Bobby Fischer kann unm\u00f6glich alle drei Figuren verteidigen, wom\u00f6glich setzte Ruth darauf, dass Fischer mit Db7 den Turm deckt. Es kam dann aber anders, siehe Aufgabe vom 30.11.22.<\/p>\n\n\n\n<p>21.11.2022 Taktikaufgabe<\/p>\n\n\n\n<p>Quelle: Magnus Carlsen &#8211; Yuriy Kuzubov (U12 Jugend Weltmeisterschaft, Heraklion, 23.11.2002), schwarz am Zug<\/p>\n\n\n\n<p>Schwierigkeitsgrad Stufe 2<\/p>\n\n\n\n<p>Schon im 10. Zug dieser sehr agressiv gef\u00fchrten Partie griff der sp\u00e4tere ukrainische Gro\u00dfmeister mit &#8230;Dc5 die wei\u00dfe Dame auf h5 an. Oh weh, hatte Magnus das \u00fcbersehen? Denn er spielte 11. Sxe4. Stellt wei\u00df die Dame ein und verliert die Partie? Oder gibt es einen Plan f\u00fcr den 12. Zug?<\/p>\n\n\n\n<figure class=\"wp-block-image size-large\"><a href=\"https:\/\/jugend.ufra-schach.de\/wp-content\/uploads\/2022\/11\/brett.jpg\"><img loading=\"lazy\" decoding=\"async\" width=\"612\" height=\"630\" src=\"https:\/\/jugend.ufra-schach.de\/wp-content\/uploads\/2022\/11\/brett.jpg\" alt=\"\" class=\"wp-image-9156\" srcset=\"https:\/\/jugend.ufra-schach.de\/wp-content\/uploads\/2022\/11\/brett.jpg 612w, https:\/\/jugend.ufra-schach.de\/wp-content\/uploads\/2022\/11\/brett-291x300.jpg 291w\" sizes=\"auto, (max-width: 612px) 100vw, 612px\" \/><\/a><\/figure>\n\n\n\n<p>L\u00d6SUNG:<\/p>\n\n\n\n<p>Laut Engine ist Sxe4 der f\u00fcr wei\u00df beste Zug gewesen. Dxc5 war nur der zweitbeste Zug. Kuzubov spielte dann den laut Engine besten Zug Dxh5. Sehen wir uns die Stellung danach an:<\/p>\n\n\n\n<figure class=\"wp-block-image size-large is-resized\"><a href=\"https:\/\/jugend.ufra-schach.de\/wp-content\/uploads\/2022\/11\/brett-1.jpg\"><img loading=\"lazy\" decoding=\"async\" src=\"https:\/\/jugend.ufra-schach.de\/wp-content\/uploads\/2022\/11\/brett-1.jpg\" alt=\"\" class=\"wp-image-9162\" width=\"617\" height=\"623\" srcset=\"https:\/\/jugend.ufra-schach.de\/wp-content\/uploads\/2022\/11\/brett-1.jpg 789w, https:\/\/jugend.ufra-schach.de\/wp-content\/uploads\/2022\/11\/brett-1-297x300.jpg 297w, https:\/\/jugend.ufra-schach.de\/wp-content\/uploads\/2022\/11\/brett-1-150x150.jpg 150w, https:\/\/jugend.ufra-schach.de\/wp-content\/uploads\/2022\/11\/brett-1-768x776.jpg 768w, https:\/\/jugend.ufra-schach.de\/wp-content\/uploads\/2022\/11\/brett-1-60x60.jpg 60w\" sizes=\"auto, (max-width: 617px) 100vw, 617px\" \/><\/a><\/figure>\n\n\n\n<p>Der n\u00e4chste Zug f\u00fcr wei\u00df ist nun deutlich erkennbar, Sxf6 mit Schachgebot und Angriff auf die Dame. Neben dem Damentausch hatte Magnus auch zwei Bauern durch dieses Man\u00f6ver gewonnen und stand klar auf Gewinn. Kuzubov gab dann folgerichtig auch im 15. Zug auf.<\/p>\n\n\n\n<p>14.11.2022 Taktikaufgabe<\/p>\n\n\n\n<p>Quelle: Boris Spassky \u2013 Michael Adams (1989), wei\u00df am Zug<\/p>\n\n\n\n<p>Schwierigkeitsgrad: Stufe 3, finde den Zug, der wei\u00df Materialgewinn bringt<\/p>\n\n\n\n<figure class=\"wp-block-image size-large\"><a href=\"https:\/\/jugend.ufra-schach.de\/wp-content\/uploads\/2022\/11\/Taktik-1.jpg\"><img loading=\"lazy\" decoding=\"async\" width=\"497\" height=\"508\" src=\"https:\/\/jugend.ufra-schach.de\/wp-content\/uploads\/2022\/11\/Taktik-1.jpg\" alt=\"\" class=\"wp-image-9140\" srcset=\"https:\/\/jugend.ufra-schach.de\/wp-content\/uploads\/2022\/11\/Taktik-1.jpg 497w, https:\/\/jugend.ufra-schach.de\/wp-content\/uploads\/2022\/11\/Taktik-1-294x300.jpg 294w, https:\/\/jugend.ufra-schach.de\/wp-content\/uploads\/2022\/11\/Taktik-1-60x60.jpg 60w\" sizes=\"auto, (max-width: 497px) 100vw, 497px\" \/><\/a><\/figure>\n\n\n\n<p>L\u00d6SUNG:<\/p>\n\n\n\n<p>Ein so starker und erfahrener Schachspieler wie Boris Spassky hatte nat\u00fcrlich schon lange gesehen, dass De5 ihm mit der darauf folgenden Mattdrohung Dxg7# einen entscheidenden Vorteil bringt. Der L\u00f6sungszug in der graphisch gezeigten Stellung ist deshalb das Qualit\u00e4tsopfer Lc7. Der Turm b6 und die Dame a5 sind einem Spie\u00df ausgesetzt, deshalb ist Tc8xc7 zwingend. Gelegenheit f\u00fcr Spassky, endlich De5 zu spielen. Jetzt droht das erw\u00e4hnte Dxg7# mit gleichzeitigem Angriff auf den Turm c7. Adams muss die Mattdrohung verteidigen und stellt den Turm auf c7 ein, was wei\u00df den entscheidenden Vorteil zum Sieg gibt.<\/p>\n","protected":false},"excerpt":{"rendered":"<p>17.12.2022 Taktikaufgabe Quelle: Augustus Gucaga \u2013 Vincent Keymer, Europameisterschaften U8 in Prag, 2012 Schwierigkeitsgrad: Level 1 Unser aktuell bester m\u00e4nnlicher Schachspieler, Vincent Keymer,zeigte sein Talent auch schon in jungen Jahren. [&hellip;]<\/p>\n","protected":false},"author":7,"featured_media":0,"parent":516,"menu_order":0,"comment_status":"closed","ping_status":"closed","template":"","meta":{"footnotes":""},"class_list":["post-9139","page","type-page","status-publish","hentry"],"_links":{"self":[{"href":"https:\/\/jugend.ufra-schach.de\/index.php\/wp-json\/wp\/v2\/pages\/9139","targetHints":{"allow":["GET"]}}],"collection":[{"href":"https:\/\/jugend.ufra-schach.de\/index.php\/wp-json\/wp\/v2\/pages"}],"about":[{"href":"https:\/\/jugend.ufra-schach.de\/index.php\/wp-json\/wp\/v2\/types\/page"}],"author":[{"embeddable":true,"href":"https:\/\/jugend.ufra-schach.de\/index.php\/wp-json\/wp\/v2\/users\/7"}],"replies":[{"embeddable":true,"href":"https:\/\/jugend.ufra-schach.de\/index.php\/wp-json\/wp\/v2\/comments?post=9139"}],"version-history":[{"count":0,"href":"https:\/\/jugend.ufra-schach.de\/index.php\/wp-json\/wp\/v2\/pages\/9139\/revisions"}],"up":[{"embeddable":true,"href":"https:\/\/jugend.ufra-schach.de\/index.php\/wp-json\/wp\/v2\/pages\/516"}],"wp:attachment":[{"href":"https:\/\/jugend.ufra-schach.de\/index.php\/wp-json\/wp\/v2\/media?parent=9139"}],"curies":[{"name":"wp","href":"https:\/\/api.w.org\/{rel}","templated":true}]}}