{"id":8784,"date":"2022-10-03T14:26:27","date_gmt":"2022-10-03T12:26:27","guid":{"rendered":"https:\/\/jugend.ufra-schach.de\/?page_id=8784"},"modified":"2022-10-03T14:58:07","modified_gmt":"2022-10-03T12:58:07","slug":"schulschach-2022-2023","status":"publish","type":"page","link":"https:\/\/jugend.ufra-schach.de\/index.php\/schulschach\/schulschach-2022-2023\/","title":{"rendered":"Schulschach 2022\/2023"},"content":{"rendered":"\n<h3 class=\"wp-block-heading\">Unterfr\u00e4nkischen Schulschachmeisterschaften<\/h3>\n\n\n\n<ul class=\"wp-block-list\"><li>Erlenbach<\/li><li>08.10.2022<\/li><li>Ergebnisse<\/li><\/ul>\n\n\n\n<table id=\"tablepress-1012\" class=\"tablepress tablepress-id-1012\">\n<thead>\n<tr class=\"row-1\">\n\t<th class=\"column-1\"><a href=\"https:\/\/jugend.ufra-schach.de\/index.php\/schulschach\/schulschach-2022-2023\/schulschach-2022-2023-wk1\/\">WK1<\/a><\/th><th class=\"column-2\"><a href=\"https:\/\/jugend.ufra-schach.de\/index.php\/schulschach\/schulschach-2022-2023\/schulschach-2022-2023-wk2\/\">WK2<\/a><\/th><th class=\"column-3\"><a href=\"https:\/\/jugend.ufra-schach.de\/index.php\/schulschach\/schulschach-2022-2023\/schulschach-2022-2023-wk3\/\">WK3<\/a><\/th><th class=\"column-4\"><a href=\"https:\/\/jugend.ufra-schach.de\/index.php\/schulschach\/schulschach-2022-2023\/schulschach-2022-2023-wk4\/\">WK4<\/a><\/th><th class=\"column-5\"><a href=\"https:\/\/jugend.ufra-schach.de\/index.php\/schulschach\/schulschach-2022-2023\/schulschach-2022-2023-gs\/\">GS<\/a><\/th><th class=\"column-6\"><a href=\"https:\/\/jugend.ufra-schach.de\/index.php\/schulschach\/schulschach-2022-2023\/schulschach-2022-2023-ms\/\">MS<\/a><\/th><th class=\"column-7\"><a href=\"https:\/\/jugend.ufra-schach.de\/index.php\/schulschach\/schulschach-2022-2023\/schulschach-2022-2023-m\/\">M<\/a><\/th>\n<\/tr>\n<\/thead>\n<tbody class=\"row-striping row-hover\">\n<tr class=\"row-2\">\n\t<td class=\"column-1\"><a href=\"https:\/\/jugend.ufra-schach.de\/index.php\/schulschach\/schulschach-2022-2023\/schulschach-2022-2023-wk1\/#teil\">Teilnehmer<\/a><\/td><td class=\"column-2\"><a href=\"https:\/\/jugend.ufra-schach.de\/index.php\/schulschach\/schulschach-2022-2023\/schulschach-2022-2023-wk2\/#teil\">Teilnehmer<\/a><\/td><td class=\"column-3\"><a href=\"https:\/\/jugend.ufra-schach.de\/index.php\/schulschach\/schulschach-2022-2023\/schulschach-2022-2023-wk3\/#teil\">Teilnehmer<\/a><\/td><td class=\"column-4\"><a href=\"https:\/\/jugend.ufra-schach.de\/index.php\/schulschach\/schulschach-2022-2023\/schulschach-2022-2023-wk4\/#teil\">Teilnehmer<\/a><\/td><td class=\"column-5\"><a href=\"https:\/\/jugend.ufra-schach.de\/index.php\/schulschach\/schulschach-2022-2023\/schulschach-2022-2023-gs\/#teil\">Teilnehmer<\/a><\/td><td class=\"column-6\"><a href=\"https:\/\/jugend.ufra-schach.de\/index.php\/schulschach\/schulschach-2022-2023\/schulschach-2022-2023-ms\/#teil\">Teilnehmer<\/a><\/td><td class=\"column-7\"><a href=\"https:\/\/jugend.ufra-schach.de\/index.php\/schulschach\/schulschach-2022-2023\/schulschach-2022-2023-m\/#teil\">Teilnehmer<\/a><\/td>\n<\/tr>\n<tr class=\"row-3\">\n\t<td class=\"column-1\"><a href=\"https:\/\/jugend.ufra-schach.de\/index.php\/schulschach\/schulschach-2022-2023\/schulschach-2022-2023-wk1\/#paar\">Paarungen<\/a><\/td><td class=\"column-2\"><a href=\"https:\/\/jugend.ufra-schach.de\/index.php\/schulschach\/schulschach-2022-2023\/schulschach-2022-2023-wk2\/#paar\">Paarungen<\/a><\/td><td class=\"column-3\"><a href=\"https:\/\/jugend.ufra-schach.de\/index.php\/schulschach\/schulschach-2022-2023\/schulschach-2022-2023-wk3\/#paar\">Paarungen<\/a><\/td><td class=\"column-4\"><a href=\"https:\/\/jugend.ufra-schach.de\/index.php\/schulschach\/schulschach-2022-2023\/schulschach-2022-2023-wk4\/#paar\">Paarungen<\/a><\/td><td class=\"column-5\"><a href=\"https:\/\/jugend.ufra-schach.de\/index.php\/schulschach\/schulschach-2022-2023\/schulschach-2022-2023-gs\/#paar\">Paarungen<\/a><\/td><td class=\"column-6\"><a href=\"https:\/\/jugend.ufra-schach.de\/index.php\/schulschach\/schulschach-2022-2023\/schulschach-2022-2023-ms\/#paar\">Paarungen<\/a><\/td><td class=\"column-7\"><a href=\"https:\/\/jugend.ufra-schach.de\/index.php\/schulschach\/schulschach-2022-2023\/schulschach-2022-2023-m\/#paar\">Paarungen<\/a><\/td>\n<\/tr>\n<tr class=\"row-4\">\n\t<td class=\"column-1\"><a href=\"https:\/\/jugend.ufra-schach.de\/index.php\/schulschach\/schulschach-2022-2023\/schulschach-2022-2023-wk1\/#teil-rang\">Rangliste<\/a><\/td><td class=\"column-2\"><a href=\"https:\/\/jugend.ufra-schach.de\/index.php\/schulschach\/schulschach-2022-2023\/schulschach-2022-2023-wk2\/#teil-rang\">Rangliste<\/a><\/td><td class=\"column-3\"><a href=\"https:\/\/jugend.ufra-schach.de\/index.php\/schulschach\/schulschach-2022-2023\/schulschach-2022-2023-wk3\/#teil-rang\">Rangliste<\/a><\/td><td class=\"column-4\"><a href=\"https:\/\/jugend.ufra-schach.de\/index.php\/schulschach\/schulschach-2022-2023\/schulschach-2022-2023-wk4\/#teil-rang\">Rangliste<\/a><\/td><td class=\"column-5\"><a href=\"https:\/\/jugend.ufra-schach.de\/index.php\/schulschach\/schulschach-2022-2023\/schulschach-2022-2023-gs\/#teil-rang\">Rangliste<\/a><\/td><td class=\"column-6\"><a href=\"https:\/\/jugend.ufra-schach.de\/index.php\/schulschach\/schulschach-2022-2023\/schulschach-2022-2023-ms\/#teil-rang\">Rangliste<\/a><\/td><td class=\"column-7\"><a href=\"https:\/\/jugend.ufra-schach.de\/index.php\/schulschach\/schulschach-2022-2023\/schulschach-2022-2023-m\/#teil-rang\">Rangliste<\/a><\/td>\n<\/tr>\n<\/tbody>\n<\/table>\n<!-- #tablepress-1012 from cache -->\n\n\n\n<p><strong>Wertungsklassen<\/strong><br>Wertungsklasse 1: Sch\u00fcler bis 12. Klasse<br>Wertungsklasse 2: Jahrgang 2005 und j\u00fcnger<br>Wertungsklasse 3: Jahrgang 2008 und j\u00fcnger<br>Wertungsklasse 4: Jahrgang 2010 und j\u00fcnger<br>Wertungsklasse M\u00e4dchen: Sch\u00fclerinnen bis 12. Klasse<br>Wertungsklasse MS: Mittelschule\/Realschule<br>Wertungsklasse Grundschule: Jahrgangsstufen 1 \u2013 4<\/p>\n","protected":false},"excerpt":{"rendered":"<p>Unterfr\u00e4nkischen Schulschachmeisterschaften Erlenbach 08.10.2022 Ergebnisse WertungsklassenWertungsklasse 1: Sch\u00fcler bis 12. KlasseWertungsklasse 2: Jahrgang 2005 und j\u00fcngerWertungsklasse 3: Jahrgang 2008 und j\u00fcngerWertungsklasse 4: Jahrgang 2010 und j\u00fcngerWertungsklasse M\u00e4dchen: Sch\u00fclerinnen bis 12. [&hellip;]<\/p>\n","protected":false},"author":1,"featured_media":0,"parent":372,"menu_order":0,"comment_status":"closed","ping_status":"closed","template":"","meta":{"footnotes":""},"class_list":["post-8784","page","type-page","status-publish","hentry"],"_links":{"self":[{"href":"https:\/\/jugend.ufra-schach.de\/index.php\/wp-json\/wp\/v2\/pages\/8784","targetHints":{"allow":["GET"]}}],"collection":[{"href":"https:\/\/jugend.ufra-schach.de\/index.php\/wp-json\/wp\/v2\/pages"}],"about":[{"href":"https:\/\/jugend.ufra-schach.de\/index.php\/wp-json\/wp\/v2\/types\/page"}],"author":[{"embeddable":true,"href":"https:\/\/jugend.ufra-schach.de\/index.php\/wp-json\/wp\/v2\/users\/1"}],"replies":[{"embeddable":true,"href":"https:\/\/jugend.ufra-schach.de\/index.php\/wp-json\/wp\/v2\/comments?post=8784"}],"version-history":[{"count":0,"href":"https:\/\/jugend.ufra-schach.de\/index.php\/wp-json\/wp\/v2\/pages\/8784\/revisions"}],"up":[{"embeddable":true,"href":"https:\/\/jugend.ufra-schach.de\/index.php\/wp-json\/wp\/v2\/pages\/372"}],"wp:attachment":[{"href":"https:\/\/jugend.ufra-schach.de\/index.php\/wp-json\/wp\/v2\/media?parent=8784"}],"curies":[{"name":"wp","href":"https:\/\/api.w.org\/{rel}","templated":true}]}}