{"id":7855,"date":"2022-02-19T10:32:14","date_gmt":"2022-02-19T09:32:14","guid":{"rendered":"https:\/\/jugend.ufra-schach.de\/?page_id=7855"},"modified":"2022-02-24T10:05:54","modified_gmt":"2022-02-24T09:05:54","slug":"unterfraenkische-einzelmeisterschaften-2021-2022","status":"publish","type":"page","link":"https:\/\/jugend.ufra-schach.de\/index.php\/meisterschaften\/meisterschaften-2021-2022\/unterfraenkische-einzelmeisterschaften-2021-2022\/","title":{"rendered":"Unterfr\u00e4nkische Einzelmeisterschaften 2021\/2022"},"content":{"rendered":"\n<p>Die Unterfr\u00e4nkischen Einzelmeisterschaften der Jugend k\u00f6nnen im M\u00e4rz endlich wieder starten. Der Infektionsschutz ist durch die dezentrale Austragung gesichert. Hier finden sich (runden-) aktuelle Informationen und Ergebnisse &#8211; die Teilnehmerlisten schon seit 23.02.2022.<\/p>\n\n\n\n<p>Ausschreibung <a href=\"https:\/\/jugend.ufra-schach.de\/wp-content\/uploads\/2022\/02\/Ausschreibung-UJEM-2022-AK-U10-neu-2.pdf\">U10<\/a>, <a href=\"https:\/\/jugend.ufra-schach.de\/wp-content\/uploads\/2022\/02\/Ausschreibung-UJEM-2022-AK-U12-2.pdf\">U12<\/a>, <a href=\"https:\/\/jugend.ufra-schach.de\/wp-content\/uploads\/2022\/02\/Ausschreibung-Bezirksmeisterschaft-Unterfranken-U14-Saison-2022-neu.pdf\">U14<\/a>, <a href=\"https:\/\/jugend.ufra-schach.de\/wp-content\/uploads\/2022\/02\/UEMJ-2022-U-16-18-Ausschreibung.pdf\">U16\/18<\/a><\/p>\n\n\n\n<p>Ergebnisse:<\/p>\n\n\n\n\n<table id=\"tablepress-912\" class=\"tablepress tablepress-id-912\">\n<thead>\n<tr class=\"row-1\">\n\t<th class=\"column-1\"><a href=\"https:\/\/jugend.ufra-schach.de\/index.php\/meisterschaften\/meisterschaften-2021-2022\/unterfraenkische-einzelmeisterschaften-2021-2022\/unterfraenkische-einzelmeisterschaften-2021-2022-u10\/\">U10<\/a><\/th><th class=\"column-2\"><a href=\"https:\/\/jugend.ufra-schach.de\/index.php\/meisterschaften\/meisterschaften-2021-2022\/unterfraenkische-einzelmeisterschaften-2021-2022\/unterfraenkische-einzelmeisterschaften-2021-2022-u12\/\">U12<\/a><\/th><th class=\"column-3\"><a href=\"https:\/\/jugend.ufra-schach.de\/index.php\/meisterschaften\/meisterschaften-2021-2022\/unterfraenkische-einzelmeisterschaften-2021-2022\/unterfraenkische-einzelmeisterschaften-2021-2022-u14\/\">U14<\/a><\/th><th class=\"column-4\"><a href=\"https:\/\/jugend.ufra-schach.de\/index.php\/meisterschaften\/meisterschaften-2021-2022\/unterfraenkische-einzelmeisterschaften-2021-2022\/unterfraenkische-einzelmeisterschaften-2021-2022-u16\/\">U16<\/a><\/th><th class=\"column-5\"><a href=\"https:\/\/jugend.ufra-schach.de\/index.php\/meisterschaften\/meisterschaften-2021-2022\/unterfraenkische-einzelmeisterschaften-2021-2022\/unterfraenkische-einzelmeisterschaften-2021-2022-u18\/\">U18<\/a><\/th>\n<\/tr>\n<\/thead>\n<tbody class=\"row-striping row-hover\">\n<tr class=\"row-2\">\n\t<td class=\"column-1\"><a href=\"https:\/\/jugend.ufra-schach.de\/index.php\/meisterschaften\/meisterschaften-2021-2022\/unterfraenkische-einzelmeisterschaften-2021-2022\/unterfraenkische-einzelmeisterschaften-2021-2022-u10\/#teil\">Teilnehmer<\/a><\/td><td class=\"column-2\"><a href=\"https:\/\/jugend.ufra-schach.de\/index.php\/meisterschaften\/meisterschaften-2021-2022\/unterfraenkische-einzelmeisterschaften-2021-2022\/unterfraenkische-einzelmeisterschaften-2021-2022-u12\/#teil\">Teilnehmer<\/a><\/td><td class=\"column-3\"><a href=\"https:\/\/jugend.ufra-schach.de\/index.php\/meisterschaften\/meisterschaften-2021-2022\/unterfraenkische-einzelmeisterschaften-2021-2022\/unterfraenkische-einzelmeisterschaften-2021-2022-u14\/#teil\">Teilnehmer<\/a><\/td><td class=\"column-4\"><a href=\"https:\/\/jugend.ufra-schach.de\/index.php\/meisterschaften\/meisterschaften-2021-2022\/unterfraenkische-einzelmeisterschaften-2021-2022\/unterfraenkische-einzelmeisterschaften-2021-2022-u16\/#teil\">Teilnehmer<\/a><\/td><td class=\"column-5\"><a href=\"https:\/\/jugend.ufra-schach.de\/index.php\/meisterschaften\/meisterschaften-2021-2022\/unterfraenkische-einzelmeisterschaften-2021-2022\/unterfraenkische-einzelmeisterschaften-2021-2022-u18\/#teil\">Teilnehmer<\/a><\/td>\n<\/tr>\n<tr class=\"row-3\">\n\t<td class=\"column-1\"><a href=\"https:\/\/jugend.ufra-schach.de\/index.php\/meisterschaften\/meisterschaften-2021-2022\/unterfraenkische-einzelmeisterschaften-2021-2022\/unterfraenkische-einzelmeisterschaften-2021-2022-u10\/#paar\">Paarungen<\/a><\/td><td class=\"column-2\"><a href=\"https:\/\/jugend.ufra-schach.de\/index.php\/meisterschaften\/meisterschaften-2021-2022\/unterfraenkische-einzelmeisterschaften-2021-2022\/unterfraenkische-einzelmeisterschaften-2021-2022-u12\/#paar\">Paarungen<\/a><\/td><td class=\"column-3\"><a href=\"https:\/\/jugend.ufra-schach.de\/index.php\/meisterschaften\/meisterschaften-2021-2022\/unterfraenkische-einzelmeisterschaften-2021-2022\/unterfraenkische-einzelmeisterschaften-2021-2022-u14\/#paar\">Paarungen<\/a><\/td><td class=\"column-4\"><a href=\"https:\/\/jugend.ufra-schach.de\/index.php\/meisterschaften\/meisterschaften-2021-2022\/unterfraenkische-einzelmeisterschaften-2021-2022\/unterfraenkische-einzelmeisterschaften-2021-2022-u16\/#paar\">Paarungen<\/a><\/td><td class=\"column-5\"><a href=\"https:\/\/jugend.ufra-schach.de\/index.php\/meisterschaften\/meisterschaften-2021-2022\/unterfraenkische-einzelmeisterschaften-2021-2022\/unterfraenkische-einzelmeisterschaften-2021-2022-u18\/#paar\">Paarungen<\/a><\/td>\n<\/tr>\n<tr class=\"row-4\">\n\t<td class=\"column-1\"><a href=\"https:\/\/jugend.ufra-schach.de\/index.php\/meisterschaften\/meisterschaften-2021-2022\/unterfraenkische-einzelmeisterschaften-2021-2022\/unterfraenkische-einzelmeisterschaften-2021-2022-u10\/#fort\">Fortschritt<\/a><\/td><td class=\"column-2\"><a href=\"https:\/\/jugend.ufra-schach.de\/index.php\/meisterschaften\/meisterschaften-2021-2022\/unterfraenkische-einzelmeisterschaften-2021-2022\/unterfraenkische-einzelmeisterschaften-2021-2022-u12\/#fort\">Fortschritt<\/a><\/td><td class=\"column-3\"><a href=\"https:\/\/jugend.ufra-schach.de\/index.php\/meisterschaften\/meisterschaften-2021-2022\/unterfraenkische-einzelmeisterschaften-2021-2022\/unterfraenkische-einzelmeisterschaften-2021-2022-u14\/#fort\">Fortschritt<\/a><\/td><td class=\"column-4\"><a href=\"https:\/\/jugend.ufra-schach.de\/index.php\/meisterschaften\/meisterschaften-2021-2022\/unterfraenkische-einzelmeisterschaften-2021-2022\/unterfraenkische-einzelmeisterschaften-2021-2022-u16\/#fort\">Fortschritt<\/a><\/td><td class=\"column-5\"><a href=\"https:\/\/jugend.ufra-schach.de\/index.php\/meisterschaften\/meisterschaften-2021-2022\/unterfraenkische-einzelmeisterschaften-2021-2022\/unterfraenkische-einzelmeisterschaften-2021-2022-u18\/#fort\">Fortschritt<\/a><\/td>\n<\/tr>\n<tr class=\"row-5\">\n\t<td class=\"column-1\"><a href=\"https:\/\/jugend.ufra-schach.de\/index.php\/meisterschaften\/meisterschaften-2021-2022\/unterfraenkische-einzelmeisterschaften-2021-2022\/unterfraenkische-einzelmeisterschaften-2021-2022-u10\/#teil-rang\">Rangliste<\/a><\/td><td class=\"column-2\"><a href=\"https:\/\/jugend.ufra-schach.de\/index.php\/meisterschaften\/meisterschaften-2021-2022\/unterfraenkische-einzelmeisterschaften-2021-2022\/unterfraenkische-einzelmeisterschaften-2021-2022-u12\/#teil-rang\">Rangliste<\/a><\/td><td class=\"column-3\"><a href=\"https:\/\/jugend.ufra-schach.de\/index.php\/meisterschaften\/meisterschaften-2021-2022\/unterfraenkische-einzelmeisterschaften-2021-2022\/unterfraenkische-einzelmeisterschaften-2021-2022-u14\/#teil-rang\">Rangliste<\/a><\/td><td class=\"column-4\"><a href=\"https:\/\/jugend.ufra-schach.de\/index.php\/meisterschaften\/meisterschaften-2021-2022\/unterfraenkische-einzelmeisterschaften-2021-2022\/unterfraenkische-einzelmeisterschaften-2021-2022-u16\/#teil-rang\">Rangliste<\/a><\/td><td class=\"column-5\"><a href=\"https:\/\/jugend.ufra-schach.de\/index.php\/meisterschaften\/meisterschaften-2021-2022\/unterfraenkische-einzelmeisterschaften-2021-2022\/unterfraenkische-einzelmeisterschaften-2021-2022-u18\/#teil-rang\">Rangliste<\/a><\/td>\n<\/tr>\n<tr class=\"row-6\">\n\t<td class=\"column-1\">DWZ<\/td><td class=\"column-2\">DWZ<\/td><td class=\"column-3\">DWZ<\/td><td class=\"column-4\">DWZ<\/td><td class=\"column-5\">DWZ<\/td>\n<\/tr>\n<\/tbody>\n<\/table>\n<!-- #tablepress-912 from cache -->\n","protected":false},"excerpt":{"rendered":"<p>Die Unterfr\u00e4nkischen Einzelmeisterschaften der Jugend k\u00f6nnen im M\u00e4rz endlich wieder starten. Der Infektionsschutz ist durch die dezentrale Austragung gesichert. Hier finden sich (runden-) aktuelle Informationen und Ergebnisse &#8211; die Teilnehmerlisten [&hellip;]<\/p>\n","protected":false},"author":1,"featured_media":0,"parent":7848,"menu_order":0,"comment_status":"closed","ping_status":"closed","template":"","meta":{"footnotes":""},"class_list":["post-7855","page","type-page","status-publish","hentry"],"_links":{"self":[{"href":"https:\/\/jugend.ufra-schach.de\/index.php\/wp-json\/wp\/v2\/pages\/7855","targetHints":{"allow":["GET"]}}],"collection":[{"href":"https:\/\/jugend.ufra-schach.de\/index.php\/wp-json\/wp\/v2\/pages"}],"about":[{"href":"https:\/\/jugend.ufra-schach.de\/index.php\/wp-json\/wp\/v2\/types\/page"}],"author":[{"embeddable":true,"href":"https:\/\/jugend.ufra-schach.de\/index.php\/wp-json\/wp\/v2\/users\/1"}],"replies":[{"embeddable":true,"href":"https:\/\/jugend.ufra-schach.de\/index.php\/wp-json\/wp\/v2\/comments?post=7855"}],"version-history":[{"count":0,"href":"https:\/\/jugend.ufra-schach.de\/index.php\/wp-json\/wp\/v2\/pages\/7855\/revisions"}],"up":[{"embeddable":true,"href":"https:\/\/jugend.ufra-schach.de\/index.php\/wp-json\/wp\/v2\/pages\/7848"}],"wp:attachment":[{"href":"https:\/\/jugend.ufra-schach.de\/index.php\/wp-json\/wp\/v2\/media?parent=7855"}],"curies":[{"name":"wp","href":"https:\/\/api.w.org\/{rel}","templated":true}]}}