{"id":7467,"date":"2020-09-23T20:07:19","date_gmt":"2020-09-23T18:07:19","guid":{"rendered":"http:\/\/jugend.ufra-schach.de\/?page_id=7467"},"modified":"2020-09-23T20:07:19","modified_gmt":"2020-09-23T18:07:19","slug":"usj-saison-2019-2020","status":"publish","type":"page","link":"https:\/\/jugend.ufra-schach.de\/index.php\/archiv\/usj-saison-2019-2020\/","title":{"rendered":"USJ Saison 2019\/2020"},"content":{"rendered":"<h3>Rapidturniere<\/h3>\n<ul>\n<li><a href=\"https:\/\/jugend.ufra-schach.de\/index.php\/rapidturniere\/rapidturniere-2019-2020\/\">28.09.2019: Zellingen<\/a><\/li>\n<li><a href=\"https:\/\/jugend.ufra-schach.de\/index.php\/rapidturniere\/rapidturniere-2019-2020\/\">11.01.2020: W\u00fcrzburg<\/a><\/li>\n<li><a href=\"https:\/\/jugend.ufra-schach.de\/index.php\/rapidturniere\/rapidturniere-2019-2020\/\">07.03.2020: Schweinfurt<\/a><\/li>\n<li><a href=\"https:\/\/jugend.ufra-schach.de\/index.php\/rapidturniere\/rapidturniere-2019-2020\/\">Entf\u00e4llt: 04.04.2020: Alzenau<\/a><\/li>\n<li><a href=\"https:\/\/jugend.ufra-schach.de\/index.php\/rapidturniere\/rapidturniere-2019-2020\/\">Entf\u00e4llt: 16.05.2020: Trappstadt<\/a><\/li>\n<\/ul>\n<h3>Kreis-Einzelmeisterschaft<\/h3>\n<ul>\n<li><a href=\"https:\/\/jugend.ufra-schach.de\/index.php\/meisterschaften\/meisterschaften-2019-2020\/kreis-einzelmeisterschaften-2019-2020\/\">16.11.2019: Spessart\/Untermain<\/a><\/li>\n<li><a href=\"https:\/\/jugend.ufra-schach.de\/index.php\/meisterschaften\/meisterschaften-2019-2020\/kreis-einzelmeisterschaften-2019-2020\/\">27.10.2019: Mitte<\/a><\/li>\n<li><a href=\"https:\/\/jugend.ufra-schach.de\/index.php\/meisterschaften\/meisterschaften-2019-2020\/kreis-einzelmeisterschaften-2019-2020\/\">16.-17.11.2019: Ha\u00dfberge\/Rh\u00f6n<\/a><\/li>\n<\/ul>\n<h3>Ufr. Einzelmeisterschaft<\/h3>\n<ul>\n<li><a href=\"https:\/\/jugend.ufra-schach.de\/index.php\/meisterschaften\/meisterschaften-2019-2020\/unterfraenkische-einzelmeisterschaften-2019-2020\/\">2.-5.1.2020: Hobbach<\/a><\/li>\n<\/ul>\n<h3>Kreis-Mannschafts-Meisterschaften<\/h3>\n<ul>\n<li>noch kein Termin<\/li>\n<\/ul>\n<h3>Ufr. Mannschafts-Meisterschaften<\/h3>\n<ul>\n<li>noch kein Termin<\/li>\n<\/ul>\n<h3>Ufr. Blitz-Meisterschaften<\/h3>\n<ul>\n<li>noch kein Termin<\/li>\n<\/ul>\n<h3>Schulschachmeisterschaft<\/h3>\n<ul>\n<li><a href=\"https:\/\/jugend.ufra-schach.de\/index.php\/schulschach\/schulschach-2019-2020\/\">01.02.2020: Aschaffenburg<\/a><\/li>\n<\/ul>\n<p>&nbsp;<\/p>\n","protected":false},"excerpt":{"rendered":"<p>Rapidturniere 28.09.2019: Zellingen 11.01.2020: W\u00fcrzburg 07.03.2020: Schweinfurt Entf\u00e4llt: 04.04.2020: Alzenau Entf\u00e4llt: 16.05.2020: Trappstadt Kreis-Einzelmeisterschaft 16.11.2019: Spessart\/Untermain 27.10.2019: Mitte 16.-17.11.2019: Ha\u00dfberge\/Rh\u00f6n Ufr. Einzelmeisterschaft 2.-5.1.2020: Hobbach Kreis-Mannschafts-Meisterschaften noch kein Termin Ufr. Mannschafts-Meisterschaften [&hellip;]<\/p>\n","protected":false},"author":1,"featured_media":0,"parent":2318,"menu_order":0,"comment_status":"closed","ping_status":"closed","template":"","meta":{"footnotes":""},"class_list":["post-7467","page","type-page","status-publish","hentry"],"_links":{"self":[{"href":"https:\/\/jugend.ufra-schach.de\/index.php\/wp-json\/wp\/v2\/pages\/7467","targetHints":{"allow":["GET"]}}],"collection":[{"href":"https:\/\/jugend.ufra-schach.de\/index.php\/wp-json\/wp\/v2\/pages"}],"about":[{"href":"https:\/\/jugend.ufra-schach.de\/index.php\/wp-json\/wp\/v2\/types\/page"}],"author":[{"embeddable":true,"href":"https:\/\/jugend.ufra-schach.de\/index.php\/wp-json\/wp\/v2\/users\/1"}],"replies":[{"embeddable":true,"href":"https:\/\/jugend.ufra-schach.de\/index.php\/wp-json\/wp\/v2\/comments?post=7467"}],"version-history":[{"count":0,"href":"https:\/\/jugend.ufra-schach.de\/index.php\/wp-json\/wp\/v2\/pages\/7467\/revisions"}],"up":[{"embeddable":true,"href":"https:\/\/jugend.ufra-schach.de\/index.php\/wp-json\/wp\/v2\/pages\/2318"}],"wp:attachment":[{"href":"https:\/\/jugend.ufra-schach.de\/index.php\/wp-json\/wp\/v2\/media?parent=7467"}],"curies":[{"name":"wp","href":"https:\/\/api.w.org\/{rel}","templated":true}]}}