{"id":6262,"date":"2019-09-10T21:12:29","date_gmt":"2019-09-10T19:12:29","guid":{"rendered":"http:\/\/jugend.ufra-schach.de\/?page_id=6262"},"modified":"2020-02-02T14:12:40","modified_gmt":"2020-02-02T13:12:40","slug":"schulschach-2019-2020","status":"publish","type":"page","link":"https:\/\/jugend.ufra-schach.de\/index.php\/schulschach\/schulschach-2019-2020\/","title":{"rendered":"Schulschach 2019\/2020"},"content":{"rendered":"<h3 class=\"widget-title\">Unterfr\u00e4nkische Schulschachmeisterschaften<\/h3>\n<p><span class=\"icon_pushpin\">&nbsp;&nbsp;<\/span> Aschaffenburg<br \/>\n<span class=\"icon_calendar\">&nbsp;&nbsp;<\/span> 01.02.2020<br \/>\n<span class=\"icon_pencil\">&nbsp;&nbsp;<\/span> <a href=\"https:\/\/jugend.ufra-schach.de\/wp-content\/uploads\/2019\/12\/Ausschreibung-2020.pdf\">Ausschreibung<\/a><br \/>\n<span class=\"icon_table\">&nbsp;&nbsp;<\/span> Ergebnisse<\/p>\n<p><span id=\u201css20ergebnisse\u201c\/>\n<table id=\"tablepress-890\" class=\"tablepress tablepress-id-890\">\n<thead>\n<tr class=\"row-1\">\n\t<th class=\"column-1\">WK 1+2<\/th><th class=\"column-2\">WK 3 + M + RS<\/th><th class=\"column-3\">WK 4<\/th><th class=\"column-4\">WK GS<\/th>\n<\/tr>\n<\/thead>\n<tbody class=\"row-striping row-hover\">\n<tr class=\"row-2\">\n\t<td class=\"column-1\"><a href=\"https:\/\/jugend.ufra-schach.de\/index.php\/schulschach\/schulschach-2019-2020\/schulschach-2019-2020-wk-1\/#ss20mannwk1\">Mannschaften<\/a><\/td><td class=\"column-2\"><a href=\"https:\/\/jugend.ufra-schach.de\/index.php\/schulschach\/schulschach-2019-2020\/schulschach-2019-2020-wk-3\/#ss20mannwk3\">Mannschaften<\/a><\/td><td class=\"column-3\"><a href=\"https:\/\/jugend.ufra-schach.de\/index.php\/schulschach\/schulschach-2019-2020\/schulschach-2019-2020-wk-4\/#ss20mannwk4\">Mannschaften<\/a><\/td><td class=\"column-4\"><a href=\"https:\/\/jugend.ufra-schach.de\/index.php\/schulschach\/schulschach-2019-2020\/schulschach-2019-2020-wk-gs\/#ss20mannwkgs\">Mannschaften<\/a><\/td>\n<\/tr>\n<tr class=\"row-3\">\n\t<td class=\"column-1\"><a href=\"https:\/\/jugend.ufra-schach.de\/index.php\/schulschach\/schulschach-2019-2020\/schulschach-2019-2020-wk-1\/#ss20paarwk1\">Paarungsliste<\/a><\/td><td class=\"column-2\"><a href=\"https:\/\/jugend.ufra-schach.de\/index.php\/schulschach\/schulschach-2019-2020\/schulschach-2019-2020-wk-3\/#ss20paarwk3\">Paarungsliste<\/a><\/td><td class=\"column-3\"><a href=\"https:\/\/jugend.ufra-schach.de\/index.php\/schulschach\/schulschach-2019-2020\/schulschach-2019-2020-wk-4\/#ss20paarwk4\">Paarungsliste<\/a><\/td><td class=\"column-4\"><a href=\"https:\/\/jugend.ufra-schach.de\/index.php\/schulschach\/schulschach-2019-2020\/schulschach-2019-2020-wk-gs\/#ss20paarwkgs\">Paarungsliste<\/a><\/td>\n<\/tr>\n<tr class=\"row-4\">\n\t<td class=\"column-1\"><a href=\"https:\/\/jugend.ufra-schach.de\/index.php\/schulschach\/schulschach-2019-2020\/schulschach-2019-2020-wk-1\/#ss20rangwk1\">Rangliste<\/a><\/td><td class=\"column-2\"><a href=\"https:\/\/jugend.ufra-schach.de\/index.php\/schulschach\/schulschach-2019-2020\/schulschach-2019-2020-wk-3\/#ss20rangwk3\">Rangliste<\/a><\/td><td class=\"column-3\"><a href=\"https:\/\/jugend.ufra-schach.de\/index.php\/schulschach\/schulschach-2019-2020\/schulschach-2019-2020-wk-4\/#ss20rangwk4\">Rangliste<\/a><\/td><td class=\"column-4\"><a href=\"https:\/\/jugend.ufra-schach.de\/index.php\/schulschach\/schulschach-2019-2020\/schulschach-2019-2020-wk-gs\/#ss20rangwkgs\">Rangliste<\/a><\/td>\n<\/tr>\n<\/tbody>\n<\/table>\n<!-- #tablepress-890 from cache --><\/p>\n<p><strong>Wertungsklassen<\/strong><br \/>\nWertungsklasse 1: Sch\u00fcler bis 12. Klasse<br \/>\nWertungsklasse 2: Jahrgang 2002 und j\u00fcnger<br \/>\nWertungsklasse 3: Jahrgang 2005 und j\u00fcnger<br \/>\nWertungsklasse 4: Jahrgang 2007 und j\u00fcnger<br \/>\nWertungsklasse M\u00e4dchen: Sch\u00fclerinnen bis 12. Klasse<br \/>\nWertungsklasse MS: Mittelschule\/Realschule<br \/>\nWertungsklasse Grundschule: Jahrgangsstufen 1 &#8211; 4<\/p>\n<p><!---\n <span class=\"icon_document\">&nbsp;&nbsp;<\/span> Bericht\n<span class=\"icon_image\">&nbsp;&nbsp;<\/span> Bildergalerie \n\n---><\/p>\n","protected":false},"excerpt":{"rendered":"<p>Unterfr\u00e4nkische Schulschachmeisterschaften &nbsp;&nbsp; Aschaffenburg &nbsp;&nbsp; 01.02.2020 &nbsp;&nbsp; Ausschreibung &nbsp;&nbsp; Ergebnisse Wertungsklassen Wertungsklasse 1: Sch\u00fcler bis 12. Klasse Wertungsklasse 2: Jahrgang 2002 und j\u00fcnger Wertungsklasse 3: Jahrgang 2005 und j\u00fcnger Wertungsklasse [&hellip;]<\/p>\n","protected":false},"author":1,"featured_media":0,"parent":372,"menu_order":0,"comment_status":"closed","ping_status":"closed","template":"","meta":{"footnotes":""},"class_list":["post-6262","page","type-page","status-publish","hentry"],"_links":{"self":[{"href":"https:\/\/jugend.ufra-schach.de\/index.php\/wp-json\/wp\/v2\/pages\/6262","targetHints":{"allow":["GET"]}}],"collection":[{"href":"https:\/\/jugend.ufra-schach.de\/index.php\/wp-json\/wp\/v2\/pages"}],"about":[{"href":"https:\/\/jugend.ufra-schach.de\/index.php\/wp-json\/wp\/v2\/types\/page"}],"author":[{"embeddable":true,"href":"https:\/\/jugend.ufra-schach.de\/index.php\/wp-json\/wp\/v2\/users\/1"}],"replies":[{"embeddable":true,"href":"https:\/\/jugend.ufra-schach.de\/index.php\/wp-json\/wp\/v2\/comments?post=6262"}],"version-history":[{"count":0,"href":"https:\/\/jugend.ufra-schach.de\/index.php\/wp-json\/wp\/v2\/pages\/6262\/revisions"}],"up":[{"embeddable":true,"href":"https:\/\/jugend.ufra-schach.de\/index.php\/wp-json\/wp\/v2\/pages\/372"}],"wp:attachment":[{"href":"https:\/\/jugend.ufra-schach.de\/index.php\/wp-json\/wp\/v2\/media?parent=6262"}],"curies":[{"name":"wp","href":"https:\/\/api.w.org\/{rel}","templated":true}]}}