{"id":6252,"date":"2019-09-10T20:55:41","date_gmt":"2019-09-10T18:55:41","guid":{"rendered":"http:\/\/jugend.ufra-schach.de\/?page_id=6252"},"modified":"2020-01-19T21:14:14","modified_gmt":"2020-01-19T20:14:14","slug":"unterfraenkische-einzelmeisterschaften-2019-2020","status":"publish","type":"page","link":"https:\/\/jugend.ufra-schach.de\/index.php\/meisterschaften\/meisterschaften-2019-2020\/unterfraenkische-einzelmeisterschaften-2019-2020\/","title":{"rendered":"Unterfr\u00e4nkische Einzelmeisterschaften 2019\/2020"},"content":{"rendered":"<p><span class=\"icon_pushpin\">&nbsp;&nbsp;<\/span> Hobbach<br \/>\n<span class=\"icon_calendar\">&nbsp;&nbsp;<\/span> 2.-5.1.2020<br \/>\n<span class=\"icon_pencil\">&nbsp;&nbsp;<\/span> <a href=\"https:\/\/jugend.ufra-schach.de\/wp-content\/uploads\/2019\/11\/uemj20ausschreibung.doc\">Ausschreibung U10-U18<\/a> (enth\u00e4lt auch: Ausschreibung Offene U25,<br \/>\nErg\u00e4nzende Hinweise zur Anmeldung, II. Hobbacher Mama Meisterschaften)<br \/>\n<span class=\"icon_menu-square_alt2\">&nbsp;&nbsp;<\/span> <a href=\"https:\/\/jugend.ufra-schach.de\/wp-content\/uploads\/2019\/11\/UJEM2020Anmeldung-Formular.xls\">Anmeldeformular f\u00fcr den Verein<\/a><br \/>\n<span class=\"icon_group\">&nbsp;&nbsp;<\/span> <a href=\"https:\/\/jugend.ufra-schach.de\/index.php\/meisterschaften\/meisterschaften-2019-2020\/unterfraenkische-einzelmeisterschaften-2019-2020\/unterfraenkische-einzelmeisterschaften-2019-2020-teilnehmerliste\/\">Teilnehmerliste<\/a> (Vorberechtigte, Qualifizierte, Freipl\u00e4tze)<br \/>\n<span class=\"icon_image\">&nbsp;&nbsp;<\/span> <a href=\"https:\/\/jugend.ufra-schach.de\/index.php\/meisterschaften\/meisterschaften-2019-2020\/unterfraenkische-einzelmeisterschaften-2019-2020\/unterfraenkische-einzelmeisterschaften-2019-2020-bilder\/\">Bilder<\/a><br \/>\n<span class=\"icon_table\">&nbsp;&nbsp;<\/span> Ergebnisse<br \/>\n\n<table id=\"tablepress-845\" class=\"tablepress tablepress-id-845\">\n<thead>\n<tr class=\"row-1\">\n\t<td class=\"column-1\"><\/td><th class=\"column-2\"><a href=\"jugend.ufra-schach.de\/index.php\/meisterschaften\/meisterschaften-2019-2020\/unterfraenkische-einzelmeisterschaften-2019-2020\/unterfraenkische-einzelmeisterschaften-2019-2020-u10\/\" target=\"_blank\">U10<\/a><\/th><th class=\"column-3\"><a href=\"jugend.ufra-schach.de\/index.php\/meisterschaften\/meisterschaften-2019-2020\/unterfraenkische-einzelmeisterschaften-2019-2020\/unterfraenkische-einzelmeisterschaften-2019-2020-u12\/\" target=\"_blank\">U12m<\/a><\/th><th class=\"column-4\"><a href=\"jugend.ufra-schach.de\/index.php\/meisterschaften\/meisterschaften-2019-2020\/unterfraenkische-einzelmeisterschaften-2019-2020\/unterfraenkische-einzelmeisterschaften-2019-2020-u12w\/\" target=\"_blank\">U12w<\/a><\/th><th class=\"column-5\"><a href=\"jugend.ufra-schach.de\/index.php\/meisterschaften\/meisterschaften-2019-2020\/unterfraenkische-einzelmeisterschaften-2019-2020\/unterfraenkische-einzelmeisterschaften-2019-2020-u14\/\" target=\"_blank\">U14<\/a><\/th><th class=\"column-6\"><a href=\"jugend.ufra-schach.de\/index.php\/meisterschaften\/meisterschaften-2019-2020\/unterfraenkische-einzelmeisterschaften-2019-2020\/unterfraenkische-einzelmeisterschaften-2019-2020-u16\/\" target=\"_blank\">U16<\/a><\/th><th class=\"column-7\"><a href=\"jugend.ufra-schach.de\/index.php\/meisterschaften\/meisterschaften-2019-2020\/unterfraenkische-einzelmeisterschaften-2019-2020\/unterfraenkische-einzelmeisterschaften-2019-2020-u18\/\" target=\"_blank\">U18<\/a><\/th>\n<\/tr>\n<\/thead>\n<tbody class=\"row-striping row-hover\">\n<tr class=\"row-2\">\n\t<td class=\"column-1\"><\/td><td class=\"column-2\"><a href=\"jugend.ufra-schach.de\/index.php\/meisterschaften\/meisterschaften-2019-2020\/unterfraenkische-einzelmeisterschaften-2019-2020\/unterfraenkische-einzelmeisterschaften-2019-2020-u10\/#teilnehmeru10_20\" target=\"_blank\">Teilnehmer<\/a><\/td><td class=\"column-3\"><a href=\"jugend.ufra-schach.de\/index.php\/meisterschaften\/meisterschaften-2019-2020\/unterfraenkische-einzelmeisterschaften-2019-2020\/unterfraenkische-einzelmeisterschaften-2019-2020-u12\/#teilnehmeru12_20\" target=\"_blank\">Teilnehmer<\/a><\/td><td class=\"column-4\"><a href=\"jugend.ufra-schach.de\/index.php\/meisterschaften\/meisterschaften-2019-2020\/unterfraenkische-einzelmeisterschaften-2019-2020\/unterfraenkische-einzelmeisterschaften-2019-2020-u12w\/#teilnehmeru12w_20\" target=\"_blank\">Teilnehmer<\/a><\/td><td class=\"column-5\"><a href=\"jugend.ufra-schach.de\/index.php\/meisterschaften\/meisterschaften-2019-2020\/unterfraenkische-einzelmeisterschaften-2019-2020\/unterfraenkische-einzelmeisterschaften-2019-2020-u14\/#teilnehmeru14_20\" target=\"_blank\">Teilnehmer<\/a><\/td><td class=\"column-6\"><a href=\"jugend.ufra-schach.de\/index.php\/meisterschaften\/meisterschaften-2019-2020\/unterfraenkische-einzelmeisterschaften-2019-2020\/unterfraenkische-einzelmeisterschaften-2019-2020-u16\/#teilnehmeru16_20\" target=\"_blank\">Teilnehmer<\/a><\/td><td class=\"column-7\"><a href=\"jugend.ufra-schach.de\/index.php\/meisterschaften\/meisterschaften-2019-2020\/unterfraenkische-einzelmeisterschaften-2019-2020\/unterfraenkische-einzelmeisterschaften-2019-2020-u18\/#teilnehmeru18_20\" target=\"_blank\">Teilnehmer<\/a><\/td>\n<\/tr>\n<tr class=\"row-3\">\n\t<td class=\"column-1\">Paarungen<\/td><td class=\"column-2\"><a href=\"jugend.ufra-schach.de\/index.php\/meisterschaften\/meisterschaften-2019-2020\/unterfraenkische-einzelmeisterschaften-2019-2020\/unterfraenkische-einzelmeisterschaften-2019-2020-u10\/#paarung3u10_20\" target=\"_blank\">7. Runde<\/a><\/td><td class=\"column-3\"><a href=\"jugend.ufra-schach.de\/index.php\/meisterschaften\/meisterschaften-2019-2020\/unterfraenkische-einzelmeisterschaften-2019-2020\/unterfraenkische-einzelmeisterschaften-2019-2020-u12\/#paarung3u12_20\" target=\"_blank\">7. Runde<\/a><\/td><td class=\"column-4\"><a href=\"jugend.ufra-schach.de\/index.php\/meisterschaften\/meisterschaften-2019-2020\/unterfraenkische-einzelmeisterschaften-2019-2020\/unterfraenkische-einzelmeisterschaften-2019-2020-u12w\/#paarung3u12w_20\" target=\"_blank\">7. Runde<\/a><\/td><td class=\"column-5\"><a href=\"jugend.ufra-schach.de\/index.php\/meisterschaften\/meisterschaften-2019-2020\/unterfraenkische-einzelmeisterschaften-2019-2020\/unterfraenkische-einzelmeisterschaften-2019-2020-u14\/#paarung3u14_20\" target=\"_blank\">7. Runde<\/a><\/td><td class=\"column-6\"><a href=\"jugend.ufra-schach.de\/index.php\/meisterschaften\/meisterschaften-2019-2020\/unterfraenkische-einzelmeisterschaften-2019-2020\/unterfraenkische-einzelmeisterschaften-2019-2020-u16\/#paarung3u16_20\" target=\"_blank\">7. Runde<\/a><\/td><td class=\"column-7\"><a href=\"jugend.ufra-schach.de\/index.php\/meisterschaften\/meisterschaften-2019-2020\/unterfraenkische-einzelmeisterschaften-2019-2020\/unterfraenkische-einzelmeisterschaften-2019-2020-u18\/#paarung3u18_20\" target=\"_blank\">7. Runde<\/a><\/td>\n<\/tr>\n<tr class=\"row-4\">\n\t<td class=\"column-1\">Fortschritts-\/Kreuztabelle<\/td><td class=\"column-2\"><a href=\"jugend.ufra-schach.de\/index.php\/meisterschaften\/meisterschaften-2019-2020\/unterfraenkische-einzelmeisterschaften-2019-2020\/unterfraenkische-einzelmeisterschaften-2019-2020-u10\/#fortschrittu10_20\" target=\"_blank\">7. Runde<\/a><\/td><td class=\"column-3\"><a href=\"jugend.ufra-schach.de\/index.php\/meisterschaften\/meisterschaften-2019-2020\/unterfraenkische-einzelmeisterschaften-2019-2020\/unterfraenkische-einzelmeisterschaften-2019-2020-u12\/#fortschrittu12_20\" target=\"_blank\">7. Runde<\/a><\/td><td class=\"column-4\"><a href=\"jugend.ufra-schach.de\/index.php\/meisterschaften\/meisterschaften-2019-2020\/unterfraenkische-einzelmeisterschaften-2019-2020\/unterfraenkische-einzelmeisterschaften-2019-2020-u12w\/#fortschrittu12w_20\" target=\"_blank\">7. Runde<\/a><\/td><td class=\"column-5\"><a href=\"jugend.ufra-schach.de\/index.php\/meisterschaften\/meisterschaften-2019-2020\/unterfraenkische-einzelmeisterschaften-2019-2020\/unterfraenkische-einzelmeisterschaften-2019-2020-u14\/#fortschrittu14_20\" target=\"_blank\">7. Runde<\/a><\/td><td class=\"column-6\"><a href=\"jugend.ufra-schach.de\/index.php\/meisterschaften\/meisterschaften-2019-2020\/unterfraenkische-einzelmeisterschaften-2019-2020\/unterfraenkische-einzelmeisterschaften-2019-2020-u16\/#fortschrittu16_20\" target=\"_blank\">7. Runde<\/a><\/td><td class=\"column-7\"><a href=\"jugend.ufra-schach.de\/index.php\/meisterschaften\/meisterschaften-2019-2020\/unterfraenkische-einzelmeisterschaften-2019-2020\/unterfraenkische-einzelmeisterschaften-2019-2020-u18\/#fortschrittu18_20\" target=\"_blank\">7. Runde<\/a><\/td>\n<\/tr>\n<tr class=\"row-5\">\n\t<td class=\"column-1\">Rangliste<\/td><td class=\"column-2\"><a href=\"jugend.ufra-schach.de\/index.php\/meisterschaften\/meisterschaften-2019-2020\/unterfraenkische-einzelmeisterschaften-2019-2020\/unterfraenkische-einzelmeisterschaften-2019-2020-u10\/#rangu10_20\" target=\"_blank\">7. Runde<\/a><\/td><td class=\"column-3\"><a href=\"jugend.ufra-schach.de\/index.php\/meisterschaften\/meisterschaften-2019-2020\/unterfraenkische-einzelmeisterschaften-2019-2020\/unterfraenkische-einzelmeisterschaften-2019-2020-u12\/#rangu12_20\" target=\"_blank\">7. Runde<\/a><\/td><td class=\"column-4\"><a href=\"jugend.ufra-schach.de\/index.php\/meisterschaften\/meisterschaften-2019-2020\/unterfraenkische-einzelmeisterschaften-2019-2020\/unterfraenkische-einzelmeisterschaften-2019-2020-u12w\/#rangu12w_20\" target=\"_blank\">7. Runde<\/a><\/td><td class=\"column-5\"><a href=\"jugend.ufra-schach.de\/index.php\/meisterschaften\/meisterschaften-2019-2020\/unterfraenkische-einzelmeisterschaften-2019-2020\/unterfraenkische-einzelmeisterschaften-2019-2020-u14\/#rangu14_20\" target=\"_blank\">7. Runde<\/a><\/td><td class=\"column-6\"><a href=\"jugend.ufra-schach.de\/index.php\/meisterschaften\/meisterschaften-2019-2020\/unterfraenkische-einzelmeisterschaften-2019-2020\/unterfraenkische-einzelmeisterschaften-2019-2020-u16\/#rangu16_20\" target=\"_blank\">7. Runde<\/a><\/td><td class=\"column-7\"><a href=\"jugend.ufra-schach.de\/index.php\/meisterschaften\/meisterschaften-2019-2020\/unterfraenkische-einzelmeisterschaften-2019-2020\/unterfraenkische-einzelmeisterschaften-2019-2020-u18\/#rangu18_20\" target=\"_blank\">7. Runde<\/a><\/td>\n<\/tr>\n<tr class=\"row-6\">\n\t<td class=\"column-1\">DWZ-Auswertung<\/td><td class=\"column-2\"><a href=\"https:\/\/jugend.ufra-schach.de\/wp-content\/uploads\/2020\/01\/C001-280-J36.pdf\">DWZ<\/a><\/td><td class=\"column-3\"><a href=\"https:\/\/jugend.ufra-schach.de\/wp-content\/uploads\/2020\/01\/C001-280-J37.pdf\">DWZ<\/a><\/td><td class=\"column-4\"><a href=\"https:\/\/jugend.ufra-schach.de\/wp-content\/uploads\/2020\/01\/C001-280-J38.pdf\">DWZ<\/a><\/td><td class=\"column-5\"><a href=\"https:\/\/jugend.ufra-schach.de\/wp-content\/uploads\/2020\/01\/C001-280-J39.pdf\">DWZ<\/a><\/td><td class=\"column-6\"><a href=\"https:\/\/jugend.ufra-schach.de\/wp-content\/uploads\/2020\/01\/C001-280-J40.pdf\">DWZ<\/a><\/td><td class=\"column-7\"><a href=\"https:\/\/jugend.ufra-schach.de\/wp-content\/uploads\/2020\/01\/C001-280-J41.pdf\">DWZ<\/a><\/td>\n<\/tr>\n<\/tbody>\n<\/table>\n<!-- #tablepress-845 from cache --><\/p>\n<p><a href=\"https:\/\/jugend.ufra-schach.de\/index.php\/meisterschaften\/meisterschaften-2019-2020\/unterfraenkische-einzelmeisterschaften-2019-2020\/queens-turnier-hobbach-2020\/\">Ergebnisse Queens-Turnier<\/a><\/p>\n<p><!--\n\n\n\n\n--><\/p>\n","protected":false},"excerpt":{"rendered":"<p>&nbsp;&nbsp; Hobbach &nbsp;&nbsp; 2.-5.1.2020 &nbsp;&nbsp; Ausschreibung U10-U18 (enth\u00e4lt auch: Ausschreibung Offene U25, Erg\u00e4nzende Hinweise zur Anmeldung, II. Hobbacher Mama Meisterschaften) &nbsp;&nbsp; Anmeldeformular f\u00fcr den Verein &nbsp;&nbsp; Teilnehmerliste (Vorberechtigte, Qualifizierte, Freipl\u00e4tze) [&hellip;]<\/p>\n","protected":false},"author":1,"featured_media":0,"parent":6248,"menu_order":0,"comment_status":"closed","ping_status":"closed","template":"","meta":{"footnotes":""},"class_list":["post-6252","page","type-page","status-publish","hentry"],"_links":{"self":[{"href":"https:\/\/jugend.ufra-schach.de\/index.php\/wp-json\/wp\/v2\/pages\/6252","targetHints":{"allow":["GET"]}}],"collection":[{"href":"https:\/\/jugend.ufra-schach.de\/index.php\/wp-json\/wp\/v2\/pages"}],"about":[{"href":"https:\/\/jugend.ufra-schach.de\/index.php\/wp-json\/wp\/v2\/types\/page"}],"author":[{"embeddable":true,"href":"https:\/\/jugend.ufra-schach.de\/index.php\/wp-json\/wp\/v2\/users\/1"}],"replies":[{"embeddable":true,"href":"https:\/\/jugend.ufra-schach.de\/index.php\/wp-json\/wp\/v2\/comments?post=6252"}],"version-history":[{"count":0,"href":"https:\/\/jugend.ufra-schach.de\/index.php\/wp-json\/wp\/v2\/pages\/6252\/revisions"}],"up":[{"embeddable":true,"href":"https:\/\/jugend.ufra-schach.de\/index.php\/wp-json\/wp\/v2\/pages\/6248"}],"wp:attachment":[{"href":"https:\/\/jugend.ufra-schach.de\/index.php\/wp-json\/wp\/v2\/media?parent=6252"}],"curies":[{"name":"wp","href":"https:\/\/api.w.org\/{rel}","templated":true}]}}