{"id":516,"date":"2015-08-11T10:38:01","date_gmt":"2015-08-11T08:38:01","guid":{"rendered":"http:\/\/jugend.ufra-schach.de\/?page_id=516"},"modified":"2022-11-14T09:07:11","modified_gmt":"2022-11-14T08:07:11","slug":"kader","status":"publish","type":"page","link":"https:\/\/jugend.ufra-schach.de\/index.php\/kader\/","title":{"rendered":"Kader"},"content":{"rendered":"<p>Der Unterfr\u00e4nkische Schachverband l\u00e4dt besonders leistungsstarke und\/oder schachbegeisterte Kinder und Jugendliche ein, an zus\u00e4tzlichen Trainingsangeboten auf Unterfr\u00e4nkischer Ebene teilzunehmen.<\/p>\n<p>Hierzu folgende weitergehende Informationen:<\/p>\n<p><a href=\"https:\/\/jugend.ufra-schach.de\/index.php\/kader\/kaderprogramm\/\">Kaderprogramm<\/a><\/p>\n<p>Kaderspieler (in \u00dcberarbeitung)<\/p>\n<p><a href=\"https:\/\/jugend.ufra-schach.de\/index.php\/kader\/kadertraining\/\">Kadertraining<\/a><\/p>\n\n\n<p><a href=\"https:\/\/jugend.ufra-schach.de\/index.php\/kader\/kader-taktikaufgaben\/\">Taktikaufgaben<\/a><\/p>\n","protected":false},"excerpt":{"rendered":"<p>Der Unterfr\u00e4nkische Schachverband l\u00e4dt besonders leistungsstarke und\/oder schachbegeisterte Kinder und Jugendliche ein, an zus\u00e4tzlichen Trainingsangeboten auf Unterfr\u00e4nkischer Ebene teilzunehmen. Hierzu folgende weitergehende Informationen: Kaderprogramm Kaderspieler (in \u00dcberarbeitung) Kadertraining Taktikaufgaben<\/p>\n","protected":false},"author":1,"featured_media":0,"parent":0,"menu_order":0,"comment_status":"closed","ping_status":"closed","template":"","meta":{"footnotes":""},"class_list":["post-516","page","type-page","status-publish","hentry"],"_links":{"self":[{"href":"https:\/\/jugend.ufra-schach.de\/index.php\/wp-json\/wp\/v2\/pages\/516","targetHints":{"allow":["GET"]}}],"collection":[{"href":"https:\/\/jugend.ufra-schach.de\/index.php\/wp-json\/wp\/v2\/pages"}],"about":[{"href":"https:\/\/jugend.ufra-schach.de\/index.php\/wp-json\/wp\/v2\/types\/page"}],"author":[{"embeddable":true,"href":"https:\/\/jugend.ufra-schach.de\/index.php\/wp-json\/wp\/v2\/users\/1"}],"replies":[{"embeddable":true,"href":"https:\/\/jugend.ufra-schach.de\/index.php\/wp-json\/wp\/v2\/comments?post=516"}],"version-history":[{"count":0,"href":"https:\/\/jugend.ufra-schach.de\/index.php\/wp-json\/wp\/v2\/pages\/516\/revisions"}],"wp:attachment":[{"href":"https:\/\/jugend.ufra-schach.de\/index.php\/wp-json\/wp\/v2\/media?parent=516"}],"curies":[{"name":"wp","href":"https:\/\/api.w.org\/{rel}","templated":true}]}}