{"id":4998,"date":"2018-08-25T18:49:55","date_gmt":"2018-08-25T16:49:55","guid":{"rendered":"http:\/\/jugend.ufra-schach.de\/?page_id=4998"},"modified":"2019-02-12T19:45:59","modified_gmt":"2019-02-12T18:45:59","slug":"schulschach-20182019","status":"publish","type":"page","link":"https:\/\/jugend.ufra-schach.de\/index.php\/schulschach\/schulschach-20182019\/","title":{"rendered":"Schulschach 2018\/2019"},"content":{"rendered":"<h3 class=\"widget-title\">Unterfr\u00e4nkische Schulschachmeisterschaften<\/h3>\n<p><span class=\"icon_pushpin\">&nbsp;&nbsp;<\/span> Aschaffenburg<br \/>\n<span class=\"icon_calendar\">&nbsp;&nbsp;<\/span> 09.02.2019<br \/>\n<span class=\"icon_pencil\">&nbsp;&nbsp;<\/span> <a href=\"https:\/\/jugend.ufra-schach.de\/wp-content\/uploads\/2018\/12\/01-Ausschreibung_Schulschach_2019.doc\">Ausschreibung<\/a><br \/>\n<span class=\"icon_table\">&nbsp;&nbsp;<\/span> <a href=\"https:\/\/jugend.ufra-schach.de\/index.php\/schulschach\/schulschach-20182019\/#ss19ergebnisse\">Ergebnisse<\/a><\/p>\n<p><span id=\u201css19ergebnisse\u201c\/>\n<table id=\"tablepress-714\" class=\"tablepress tablepress-id-714\">\n<thead>\n<tr class=\"row-1\">\n\t<th class=\"column-1\">WK 1+2<\/th><th class=\"column-2\">WK 3<\/th><th class=\"column-3\">WK 4<\/th><th class=\"column-4\">Wk GS<\/th><th class=\"column-5\">WK MS RS M<\/th>\n<\/tr>\n<\/thead>\n<tbody class=\"row-striping row-hover\">\n<tr class=\"row-2\">\n\t<td class=\"column-1\"><a href=\"https:\/\/jugend.ufra-schach.de\/index.php\/schulschach\/schulschach-20182019\/schulschach-2018-2019-wk-1\/#ss19mannwk1\">Mannschaften<\/a><\/td><td class=\"column-2\"><a href=\"https:\/\/jugend.ufra-schach.de\/index.php\/schulschach\/schulschach-20182019\/schulschach-2018-2019-wk-3\/#ss19mannwk3\">Mannschaften<\/a><\/td><td class=\"column-3\"><a href=\"https:\/\/jugend.ufra-schach.de\/index.php\/schulschach\/schulschach-20182019\/schulschach-2018-2019-wk-4\/#ss19mannwk4\">Mannschaften<\/a><\/td><td class=\"column-4\"><a href=\"https:\/\/jugend.ufra-schach.de\/index.php\/schulschach\/schulschach-20182019\/schulschach-2018-2019-wk-gs\/#ss19mannwkgs\">Mannschaften<\/a><\/td><td class=\"column-5\"><a href=\"https:\/\/jugend.ufra-schach.de\/index.php\/schulschach\/schulschach-20182019\/schulschach-2018-2019-wk-msrsm\/#ss19mannwkmsm\">Mannschaften<\/a><\/td>\n<\/tr>\n<tr class=\"row-3\">\n\t<td class=\"column-1\"><a href=\"https:\/\/jugend.ufra-schach.de\/index.php\/schulschach\/schulschach-20182019\/schulschach-2018-2019-wk-1\/#ss19paarwk1\">Paarungsliste<\/a><\/td><td class=\"column-2\"><a href=\"https:\/\/jugend.ufra-schach.de\/index.php\/schulschach\/schulschach-20182019\/schulschach-2018-2019-wk-3\/#ss19paarwk3\">Paarungsliste<\/a><\/td><td class=\"column-3\"><a href=\"https:\/\/jugend.ufra-schach.de\/index.php\/schulschach\/schulschach-20182019\/schulschach-2018-2019-wk-4\/#ss19paarwk4\">Paarungsliste<\/a><\/td><td class=\"column-4\"><a href=\"https:\/\/jugend.ufra-schach.de\/index.php\/schulschach\/schulschach-20182019\/schulschach-2018-2019-wk-gs\/#ss19paarwkgs\">Paarungsliste<\/a><\/td><td class=\"column-5\"><a href=\"https:\/\/jugend.ufra-schach.de\/index.php\/schulschach\/schulschach-20182019\/schulschach-2018-2019-wk-msrsm\/#ss19paarwkmsm\">Paarungsliste<\/a><\/td>\n<\/tr>\n<tr class=\"row-4\">\n\t<td class=\"column-1\"><a href=\"https:\/\/jugend.ufra-schach.de\/index.php\/schulschach\/schulschach-20182019\/schulschach-2018-2019-wk-1\/#ss19rangwk1\">Rangliste<\/a><\/td><td class=\"column-2\"><a href=\"https:\/\/jugend.ufra-schach.de\/index.php\/schulschach\/schulschach-20182019\/schulschach-2018-2019-wk-3\/#ss19rangwk3\">Rangliste<\/a><\/td><td class=\"column-3\"><a href=\"https:\/\/jugend.ufra-schach.de\/index.php\/schulschach\/schulschach-20182019\/schulschach-2018-2019-wk-4\/#ss19rangwk4\">Rangliste<\/a><\/td><td class=\"column-4\"><a href=\"https:\/\/jugend.ufra-schach.de\/index.php\/schulschach\/schulschach-20182019\/schulschach-2018-2019-wk-gs\/#ss19rangwkgs\">Rangliste<\/a><\/td><td class=\"column-5\"><a href=\"https:\/\/jugend.ufra-schach.de\/index.php\/schulschach\/schulschach-20182019\/schulschach-2018-2019-wk-msrsm\/#ss19rangwkmsm\">Rangliste<\/a><\/td>\n<\/tr>\n<tr class=\"row-5\">\n\t<td class=\"column-1\"><a href=\"https:\/\/jugend.ufra-schach.de\/index.php\/schulschach\/schulschach-20182019\/schulschach-2018-2019-wk-1\/#ss19rangaswk1\">Rangliste alle Spieler<\/a><\/td><td class=\"column-2\"><a href=\"https:\/\/jugend.ufra-schach.de\/index.php\/schulschach\/schulschach-20182019\/schulschach-2018-2019-wk-3\/#ss19rangaswk3\">Rangliste alle Spieler<\/a><\/td><td class=\"column-3\"><a href=\"https:\/\/jugend.ufra-schach.de\/index.php\/schulschach\/schulschach-20182019\/schulschach-2018-2019-wk-4\/#ss19rangaswk4\">Rangliste  alle Spieler<\/a><\/td><td class=\"column-4\"><a href=\"https:\/\/jugend.ufra-schach.de\/index.php\/schulschach\/schulschach-20182019\/schulschach-2018-2019-wk-gs\/#ss19rangaswkgs\">Rangliste  alle Spieler<\/a><\/td><td class=\"column-5\"><a href=\"https:\/\/jugend.ufra-schach.de\/index.php\/schulschach\/schulschach-20182019\/schulschach-2018-2019-wk-msrsm\/#ss19rangaswkmsm\">Rangliste  alle Spieler<\/a><\/td>\n<\/tr>\n<\/tbody>\n<\/table>\n<!-- #tablepress-714 from cache --><\/p>\n<p><strong>Wertungsklassen<\/strong><br \/>\nWertungsklasse 1: Sch\u00fcler bis 12. Klasse<br \/>\nWertungsklasse 2: Jahrgang 2002 und j\u00fcnger<br \/>\nWertungsklasse 3: Jahrgang 2004 und j\u00fcnger<br \/>\nWertungsklasse 4: Jahrgang 2006 und j\u00fcnger<br \/>\nWertungsklasse M\u00e4dchen: Sch\u00fclerinnen bis 12. Klasse<br \/>\nWertungsklasse MS: Mittelschule\/Realschule<br \/>\nWertungsklasse Grundschule: Jahrgangsstufen 1 &#8211; 4<\/p>\n<p><!--- <span class=\"icon_document\">&nbsp;&nbsp;<\/span> Bericht\n<span class=\"icon_image\">&nbsp;&nbsp;<\/span> Bildergalerie \n\n---><\/p>\n","protected":false},"excerpt":{"rendered":"<p>Unterfr\u00e4nkische Schulschachmeisterschaften &nbsp;&nbsp; Aschaffenburg &nbsp;&nbsp; 09.02.2019 &nbsp;&nbsp; Ausschreibung &nbsp;&nbsp; Ergebnisse Wertungsklassen Wertungsklasse 1: Sch\u00fcler bis 12. Klasse Wertungsklasse 2: Jahrgang 2002 und j\u00fcnger Wertungsklasse 3: Jahrgang 2004 und j\u00fcnger Wertungsklasse [&hellip;]<\/p>\n","protected":false},"author":1,"featured_media":0,"parent":372,"menu_order":0,"comment_status":"closed","ping_status":"closed","template":"","meta":{"footnotes":""},"class_list":["post-4998","page","type-page","status-publish","hentry"],"_links":{"self":[{"href":"https:\/\/jugend.ufra-schach.de\/index.php\/wp-json\/wp\/v2\/pages\/4998","targetHints":{"allow":["GET"]}}],"collection":[{"href":"https:\/\/jugend.ufra-schach.de\/index.php\/wp-json\/wp\/v2\/pages"}],"about":[{"href":"https:\/\/jugend.ufra-schach.de\/index.php\/wp-json\/wp\/v2\/types\/page"}],"author":[{"embeddable":true,"href":"https:\/\/jugend.ufra-schach.de\/index.php\/wp-json\/wp\/v2\/users\/1"}],"replies":[{"embeddable":true,"href":"https:\/\/jugend.ufra-schach.de\/index.php\/wp-json\/wp\/v2\/comments?post=4998"}],"version-history":[{"count":0,"href":"https:\/\/jugend.ufra-schach.de\/index.php\/wp-json\/wp\/v2\/pages\/4998\/revisions"}],"up":[{"embeddable":true,"href":"https:\/\/jugend.ufra-schach.de\/index.php\/wp-json\/wp\/v2\/pages\/372"}],"wp:attachment":[{"href":"https:\/\/jugend.ufra-schach.de\/index.php\/wp-json\/wp\/v2\/media?parent=4998"}],"curies":[{"name":"wp","href":"https:\/\/api.w.org\/{rel}","templated":true}]}}