{"id":4979,"date":"2018-08-25T15:12:07","date_gmt":"2018-08-25T13:12:07","guid":{"rendered":"http:\/\/jugend.ufra-schach.de\/?page_id=4979"},"modified":"2019-01-13T21:21:38","modified_gmt":"2019-01-13T20:21:38","slug":"unterfraenkische-einzelmeisterschaften-20182019","status":"publish","type":"page","link":"https:\/\/jugend.ufra-schach.de\/index.php\/meisterschaften\/meisterschaften-20182019\/unterfraenkische-einzelmeisterschaften-20182019\/","title":{"rendered":"Unterfr\u00e4nkische Einzelmeisterschaften 2018\/2019"},"content":{"rendered":"<p><span class=\"icon_pushpin\">&nbsp;&nbsp;<\/span> Hobbach<br \/>\n<span class=\"icon_calendar\">&nbsp;&nbsp;<\/span> 02.-05.01.2019<br \/>\n<span class=\"icon_pencil\">&nbsp;&nbsp;<\/span> <a href=\"https:\/\/jugend.ufra-schach.de\/wp-content\/uploads\/2018\/11\/uemj19ausschreibung.pdf\">Ausschreibung U10-U18, Ausschreibung Offene U25, Erg\u00e4nzende Hinweise zur Anmeldung<\/a><br \/>\n<span class=\"icon_menu-square_alt2\">&nbsp;&nbsp;<\/span> <a href=\"https:\/\/jugend.ufra-schach.de\/wp-content\/uploads\/2018\/11\/UJEM2018Anmeldung-Formular.xls\">Anmeldeformular f\u00fcr den Verein<\/a><br \/>\n<span class=\"icon_group\">&nbsp;&nbsp;<\/span> <a href=\"https:\/\/jugend.ufra-schach.de\/index.php\/meisterschaften\/meisterschaften-20182019\/unterfraenkische-einzelmeisterschaften-20182019\/unterfraenkische-einzelmeisterschaften-2018-2019-teilnehmerliste\/\">Teilnehmerliste<\/a> (Vorberechtigte, Qualifizierte, Freipl\u00e4tze)<br \/>\n<span class=\"icon_image\">&nbsp;&nbsp;<\/span> <a href=\"https:\/\/jugend.ufra-schach.de\/index.php\/meisterschaften\/meisterschaften-20182019\/unterfraenkische-einzelmeisterschaften-20182019\/unterfraenkische-einzelmeisterschaften-2018-2019-bilder\/\">Bilder<\/a><br \/>\n<span class=\"icon_table\">&nbsp;&nbsp;<\/span> Ergebnisse<br \/>\n\n<table id=\"tablepress-675\" class=\"tablepress tablepress-id-675\">\n<thead>\n<tr class=\"row-1\">\n\t<td class=\"column-1\"><\/td><th class=\"column-2\"><a href=\"https:\/\/jugend.ufra-schach.de\/index.php\/meisterschaften\/meisterschaften-20182019\/unterfraenkische-einzelmeisterschaften-20182019\/unterfraenkische-einzelmeisterschaften-2018-2019-u10\/\">U10mw + U12w<\/a><\/th><th class=\"column-3\"><a href=\"https:\/\/jugend.ufra-schach.de\/index.php\/meisterschaften\/meisterschaften-20182019\/unterfraenkische-einzelmeisterschaften-20182019\/unterfraenkische-einzelmeisterschaften-2018-2019-u12\/\">U12m<\/a><\/th><th class=\"column-4\"><a href=\"https:\/\/jugend.ufra-schach.de\/index.php\/meisterschaften\/meisterschaften-20182019\/unterfraenkische-einzelmeisterschaften-20182019\/unterfraenkische-einzelmeisterschaften-2018-2019-u14\/\">U14<\/a><\/th><th class=\"column-5\"><a href=\"https:\/\/jugend.ufra-schach.de\/index.php\/meisterschaften\/meisterschaften-20182019\/unterfraenkische-einzelmeisterschaften-20182019\/unterfraenkische-einzelmeisterschaften-2018-2019-u16\/\">U16<\/a><\/th><th class=\"column-6\"><a href=\"https:\/\/jugend.ufra-schach.de\/index.php\/meisterschaften\/meisterschaften-20182019\/unterfraenkische-einzelmeisterschaften-20182019\/unterfraenkische-einzelmeisterschaften-2018-2019-u18\/\">U18<\/a><\/th>\n<\/tr>\n<\/thead>\n<tbody class=\"row-striping row-hover\">\n<tr class=\"row-2\">\n\t<td class=\"column-1\"><\/td><td class=\"column-2\"><a href=\"https:\/\/jugend.ufra-schach.de\/index.php\/meisterschaften\/meisterschaften-20182019\/unterfraenkische-einzelmeisterschaften-20182019\/unterfraenkische-einzelmeisterschaften-2018-2019-u10\/#teilnehmeru10_19\">Teilnehmer<\/a><\/td><td class=\"column-3\"><a href=\"https:\/\/jugend.ufra-schach.de\/index.php\/meisterschaften\/meisterschaften-20182019\/unterfraenkische-einzelmeisterschaften-20182019\/unterfraenkische-einzelmeisterschaften-2018-2019-u12\/#teilnehmeru12_19\">Teilnehmer<\/a><\/td><td class=\"column-4\"><a href=\"https:\/\/jugend.ufra-schach.de\/index.php\/meisterschaften\/meisterschaften-20182019\/unterfraenkische-einzelmeisterschaften-20182019\/unterfraenkische-einzelmeisterschaften-2018-2019-u14\/#teilnehmeru14_19\">Teilnehmer<\/a><\/td><td class=\"column-5\"><a href=\"https:\/\/jugend.ufra-schach.de\/index.php\/meisterschaften\/meisterschaften-20182019\/unterfraenkische-einzelmeisterschaften-20182019\/unterfraenkische-einzelmeisterschaften-2018-2019-u16\/#teilnehmeru16_19\">Teilnehmer<\/a><\/td><td class=\"column-6\"><a href=\"https:\/\/jugend.ufra-schach.de\/index.php\/meisterschaften\/meisterschaften-20182019\/unterfraenkische-einzelmeisterschaften-20182019\/unterfraenkische-einzelmeisterschaften-2018-2019-u18\/#teilnehmeru18_19\">Teilnehmer<\/a><\/td>\n<\/tr>\n<tr class=\"row-3\">\n\t<td class=\"column-1\">Paarungen<\/td><td class=\"column-2\"><a href=\"https:\/\/jugend.ufra-schach.de\/index.php\/meisterschaften\/meisterschaften-20182019\/unterfraenkische-einzelmeisterschaften-20182019\/unterfraenkische-einzelmeisterschaften-2018-2019-u10\/#paarung3u10_19\">1.-7. Runde<\/a><\/td><td class=\"column-3\"><a href=\"https:\/\/jugend.ufra-schach.de\/index.php\/meisterschaften\/meisterschaften-20182019\/unterfraenkische-einzelmeisterschaften-20182019\/unterfraenkische-einzelmeisterschaften-2018-2019-u12\/#paarung3u12_19\">1.-7. Runde<\/a><\/td><td class=\"column-4\"><a href=\"https:\/\/jugend.ufra-schach.de\/index.php\/meisterschaften\/meisterschaften-20182019\/unterfraenkische-einzelmeisterschaften-20182019\/unterfraenkische-einzelmeisterschaften-2018-2019-u14\/#paarung3u14_19\">1.-7. Runde<\/a><\/td><td class=\"column-5\"><a href=\"https:\/\/jugend.ufra-schach.de\/index.php\/meisterschaften\/meisterschaften-20182019\/unterfraenkische-einzelmeisterschaften-20182019\/unterfraenkische-einzelmeisterschaften-2018-2019-u16\/#paarung3u16_19\">1.-7. Runde<\/a><\/td><td class=\"column-6\"><a href=\"https:\/\/jugend.ufra-schach.de\/index.php\/meisterschaften\/meisterschaften-20182019\/unterfraenkische-einzelmeisterschaften-20182019\/unterfraenkische-einzelmeisterschaften-2018-2019-u18\/#paarung3u18_19\">1.-7. Runde<\/a><\/td>\n<\/tr>\n<tr class=\"row-4\">\n\t<td class=\"column-1\">Fortschritt<\/td><td class=\"column-2\"><a href=\"https:\/\/jugend.ufra-schach.de\/index.php\/meisterschaften\/meisterschaften-20182019\/unterfraenkische-einzelmeisterschaften-20182019\/unterfraenkische-einzelmeisterschaften-2018-2019-u10\/#fortschrittu10_19\">1.-7. Runde<\/a><\/td><td class=\"column-3\"><a href=\"https:\/\/jugend.ufra-schach.de\/index.php\/meisterschaften\/meisterschaften-20182019\/unterfraenkische-einzelmeisterschaften-20182019\/unterfraenkische-einzelmeisterschaften-2018-2019-u12\/#fortschrittu12_19\">1.-7. Runde<\/a><\/td><td class=\"column-4\"><a href=\"https:\/\/jugend.ufra-schach.de\/index.php\/meisterschaften\/meisterschaften-20182019\/unterfraenkische-einzelmeisterschaften-20182019\/unterfraenkische-einzelmeisterschaften-2018-2019-u14\/#fortschrittu14_19\">1.-7. Runde<\/a><\/td><td class=\"column-5\"><a href=\"https:\/\/jugend.ufra-schach.de\/index.php\/meisterschaften\/meisterschaften-20182019\/unterfraenkische-einzelmeisterschaften-20182019\/unterfraenkische-einzelmeisterschaften-2018-2019-u16\/#fortschrittu16_19\">1.-7. Runde<\/a><\/td><td class=\"column-6\"><a href=\"https:\/\/jugend.ufra-schach.de\/index.php\/meisterschaften\/meisterschaften-20182019\/unterfraenkische-einzelmeisterschaften-20182019\/unterfraenkische-einzelmeisterschaften-2018-2019-u18\/#fortschrittu18_19\">1.-7. Runde<\/a><\/td>\n<\/tr>\n<tr class=\"row-5\">\n\t<td class=\"column-1\">Rangliste<\/td><td class=\"column-2\"><a href=\"https:\/\/jugend.ufra-schach.de\/index.php\/meisterschaften\/meisterschaften-20182019\/unterfraenkische-einzelmeisterschaften-20182019\/unterfraenkische-einzelmeisterschaften-2018-2019-u10\/#rangu10_19\">7. Runde<\/a><\/td><td class=\"column-3\"><a href=\"https:\/\/jugend.ufra-schach.de\/index.php\/meisterschaften\/meisterschaften-20182019\/unterfraenkische-einzelmeisterschaften-20182019\/unterfraenkische-einzelmeisterschaften-2018-2019-u12\/#rangu12_19\">7. Runde<\/a><\/td><td class=\"column-4\"><a href=\"https:\/\/jugend.ufra-schach.de\/index.php\/meisterschaften\/meisterschaften-20182019\/unterfraenkische-einzelmeisterschaften-20182019\/unterfraenkische-einzelmeisterschaften-2018-2019-u14\/#rangu14_19\">7. Runde<\/a><\/td><td class=\"column-5\"><a href=\"https:\/\/jugend.ufra-schach.de\/index.php\/meisterschaften\/meisterschaften-20182019\/unterfraenkische-einzelmeisterschaften-20182019\/unterfraenkische-einzelmeisterschaften-2018-2019-u16\/#rangu16_19\">7. Runde<\/a><\/td><td class=\"column-6\"><a href=\"https:\/\/jugend.ufra-schach.de\/index.php\/meisterschaften\/meisterschaften-20182019\/unterfraenkische-einzelmeisterschaften-20182019\/unterfraenkische-einzelmeisterschaften-2018-2019-u18\/#rangu18_19\">7. Runde<\/a><\/td>\n<\/tr>\n<tr class=\"row-6\">\n\t<td class=\"column-1\">Inoffizielle DWZ-Auswertung<\/td><td class=\"column-2\"><a href=\"https:\/\/jugend.ufra-schach.de\/index.php\/meisterschaften\/meisterschaften-20182019\/unterfraenkische-einzelmeisterschaften-20182019\/unterfraenkische-einzelmeisterschaften-2018-2019-u10\/#dwzu10_19\">DWZ<\/a><\/td><td class=\"column-3\"><a href=\"https:\/\/jugend.ufra-schach.de\/index.php\/meisterschaften\/meisterschaften-20182019\/unterfraenkische-einzelmeisterschaften-20182019\/unterfraenkische-einzelmeisterschaften-2018-2019-u12\/#dwzu12_19\">DWZ<\/a><\/td><td class=\"column-4\"><a href=\"https:\/\/jugend.ufra-schach.de\/index.php\/meisterschaften\/meisterschaften-20182019\/unterfraenkische-einzelmeisterschaften-20182019\/unterfraenkische-einzelmeisterschaften-2018-2019-u14\/#dwzu14_19\">DWZ<\/a><\/td><td class=\"column-5\"><a href=\"https:\/\/jugend.ufra-schach.de\/index.php\/meisterschaften\/meisterschaften-20182019\/unterfraenkische-einzelmeisterschaften-20182019\/unterfraenkische-einzelmeisterschaften-2018-2019-u16\/#dwzu16_19\">DWZ<\/a><\/td><td class=\"column-6\"><a href=\"https:\/\/jugend.ufra-schach.de\/index.php\/meisterschaften\/meisterschaften-20182019\/unterfraenkische-einzelmeisterschaften-20182019\/unterfraenkische-einzelmeisterschaften-2018-2019-u18\/#dwzu18_19\">DWZ<\/a><\/td>\n<\/tr>\n<\/tbody>\n<\/table>\n<!-- #tablepress-675 from cache --><\/p>\n<p><a href=\"https:\/\/jugend.ufra-schach.de\/index.php\/meisterschaften\/meisterschaften-20182019\/unterfraenkische-einzelmeisterschaften-20182019\/ergebnisse-queensturnier-2019-hobbach\/\">Ergebnisse Queens-Turnier<\/a><\/p>\n<p><!--\n\n--><\/p>\n","protected":false},"excerpt":{"rendered":"<p>&nbsp;&nbsp; Hobbach &nbsp;&nbsp; 02.-05.01.2019 &nbsp;&nbsp; Ausschreibung U10-U18, Ausschreibung Offene U25, Erg\u00e4nzende Hinweise zur Anmeldung &nbsp;&nbsp; Anmeldeformular f\u00fcr den Verein &nbsp;&nbsp; Teilnehmerliste (Vorberechtigte, Qualifizierte, Freipl\u00e4tze) &nbsp;&nbsp; Bilder &nbsp;&nbsp; Ergebnisse Ergebnisse Queens-Turnier<\/p>\n","protected":false},"author":1,"featured_media":0,"parent":4975,"menu_order":0,"comment_status":"closed","ping_status":"closed","template":"","meta":{"footnotes":""},"class_list":["post-4979","page","type-page","status-publish","hentry"],"_links":{"self":[{"href":"https:\/\/jugend.ufra-schach.de\/index.php\/wp-json\/wp\/v2\/pages\/4979","targetHints":{"allow":["GET"]}}],"collection":[{"href":"https:\/\/jugend.ufra-schach.de\/index.php\/wp-json\/wp\/v2\/pages"}],"about":[{"href":"https:\/\/jugend.ufra-schach.de\/index.php\/wp-json\/wp\/v2\/types\/page"}],"author":[{"embeddable":true,"href":"https:\/\/jugend.ufra-schach.de\/index.php\/wp-json\/wp\/v2\/users\/1"}],"replies":[{"embeddable":true,"href":"https:\/\/jugend.ufra-schach.de\/index.php\/wp-json\/wp\/v2\/comments?post=4979"}],"version-history":[{"count":0,"href":"https:\/\/jugend.ufra-schach.de\/index.php\/wp-json\/wp\/v2\/pages\/4979\/revisions"}],"up":[{"embeddable":true,"href":"https:\/\/jugend.ufra-schach.de\/index.php\/wp-json\/wp\/v2\/pages\/4975"}],"wp:attachment":[{"href":"https:\/\/jugend.ufra-schach.de\/index.php\/wp-json\/wp\/v2\/media?parent=4979"}],"curies":[{"name":"wp","href":"https:\/\/api.w.org\/{rel}","templated":true}]}}