{"id":454,"date":"2015-08-09T19:57:39","date_gmt":"2015-08-09T17:57:39","guid":{"rendered":"http:\/\/jugend.ufra-schach.de\/?page_id=454"},"modified":"2021-07-13T16:26:54","modified_gmt":"2021-07-13T14:26:54","slug":"kadertraining","status":"publish","type":"page","link":"https:\/\/jugend.ufra-schach.de\/index.php\/kader\/kadertraining\/","title":{"rendered":"Kadertraining"},"content":{"rendered":"<p><strong>Das aktuelle<\/strong>\u00a0<strong>Programm findet sich hier: <\/strong><a href=\"https:\/\/jugend.ufra-schach.de\/wp-content\/uploads\/2021\/07\/Agenda-2021-Sommer-II.pdf\"><strong>Kadertraining<\/strong><strong> Unterfranken 2021 als PDF<\/strong><\/a><\/p>\n<h2>Archiv<\/h2>\n<ul>\n<li><a href=\"https:\/\/jugend.ufra-schach.de\/wp-content\/uploads\/2021\/04\/Agenda-2021-.pdf\">Kadertraining Unterfranken Anfang 2021<\/a><\/li>\n<li><a href=\"https:\/\/jugend.ufra-schach.de\/wp-content\/uploads\/2020\/03\/Agenda-2020-08-mit-Ablaufplan-14032020.pdf\">Kadertraining Unterfranken 2020<\/a><\/li>\n<li>19. Unterfr\u00e4nkisches Kadertraining am 22.04.2018 in W\u00fcrzburg<br \/>\n<a href=\"https:\/\/jugend.ufra-schach.de\/wp-content\/uploads\/2018\/04\/Kadertraining-No19-Wertheim-Einladungsschreiben-2018-04-22.pdf\">Einladung<\/a><\/li>\n<li>18. Unterfr\u00e4nkisches Kadertraining am 26.11.2017 in W\u00fcrzburg<br \/>\n<a href=\"https:\/\/jugend.ufra-schach.de\/wp-content\/uploads\/2017\/10\/Kadertraining-No18-Wertheim-Einladungsschreiben-2017-10-12.pdf\">Einladung<\/a><\/li>\n<li>17. Unterfr\u00e4nkisches Kadertraining am 26.11.2016 in Wertheim<br \/>\n<a href=\"https:\/\/jugend.ufra-schach.de\/wp-content\/uploads\/2016\/10\/Kadertraining-No17-Wertheim-Einladungsschreiben-2016-11-26.pdf\">Einladung<\/a><\/li>\n<li>16. Unterfr\u00e4nkisches Kadertraining am 18.06.2016 in Wertheim<br \/>\n<a href=\"https:\/\/jugend.ufra-schach.de\/wp-content\/uploads\/2016\/05\/Kadertraining-No16-Wertheim-Einladungsschreiben-2016-06-18.pdf\">Einladung<\/a><\/li>\n<li>15. Unterfr\u00e4nkisches Kadertraining am 07.02.2016 in Wertheim<br \/>\n<a href=\"https:\/\/jugend.ufra-schach.de\/wp-content\/uploads\/2016\/02\/Kadertraining-Wertheim-2016-02-07.pdf\">Bericht<\/a><\/li>\n<li>14. Unterfr\u00e4nkisches Kadertraining am 31.10.2015 in Wertheim<br \/>\n<a href=\"https:\/\/jugend.ufra-schach.de\/wp-content\/uploads\/2015\/11\/Bericht-Kadertraining_2015_10_31.pdf\">Bericht<\/a><\/li>\n<li>11. Badisch-Unterfr\u00e4nkisches Kadertraining am 19.07.2014 in Wertheim<br \/>\n<a href=\"https:\/\/jugend.ufra-schach.de\/wp-content\/uploads\/2015\/08\/20140719_Bericht_vom_11tenKadertraining_Baden_USJ.pdf\">Bericht<\/a><\/li>\n<li>8. Badisch-Unterfr\u00e4nkisches Kadertraining am 01.03.2014 in Buchen<br \/>\n<a href=\"https:\/\/jugend.ufra-schach.de\/wp-content\/uploads\/2015\/08\/8tesKadertraining_Buchen-01032014_Bericht.pdf\">Bericht<\/a><\/li>\n<li>7. Badisch-Unterfr\u00e4nkisches Kadertraining am 11.01.2014 in Wertheim<br \/>\n<a href=\"https:\/\/jugend.ufra-schach.de\/wp-content\/uploads\/2015\/08\/20140111_Tatort-Wertheim_Kaderbericht_7tesKadertraining.pdf\">Bericht<\/a> Fotogalerie<\/li>\n<li>5. Badisch-Unterfr\u00e4nkisches Kadertraining am 27.07.2013 in Wertheim<br \/>\n<a href=\"https:\/\/jugend.ufra-schach.de\/wp-content\/uploads\/2015\/08\/Kaderbericht5_Wertheim_20130727.pdf\">Bericht<\/a><\/li>\n<li>4. Badisch-Unterfr\u00e4nkisches Kadertraining am 18.05.2013 in Buchen<br \/>\n<a href=\"https:\/\/jugend.ufra-schach.de\/wp-content\/uploads\/2015\/08\/Bericht_4tesKadertraining_Buchen_2013_02_05-18.pdf\">Bericht<\/a> Fotogalerie<\/li>\n<li>3. Badisch-Unterfr\u00e4nkisches Kadertraining am 28.04.2013 in Wertheim<br \/>\n<a href=\"https:\/\/jugend.ufra-schach.de\/wp-content\/uploads\/2015\/08\/Bericht_Ufr-Badisches_Kadertraining_28042013.pdf\">Bericht<\/a> Fotogalerie<\/li>\n<li>2. Badisch-Unterfr\u00e4nkisches Kadertraining am 10.03.2013 in Buchen<br \/>\n<a href=\"https:\/\/jugend.ufra-schach.de\/wp-content\/uploads\/2015\/08\/Bericht_Ufr-Badisches_Kadertraining_10032013.pdf\">Bericht<\/a> Fotogalerie<\/li>\n<li>1. Badisch-Unterfr\u00e4nkisches Kadertraining am 02.02.2013 in Wertheim<br \/>\nLink Zeitungsbericht zum Kadertraining 02.02.2013 in Wertheim (Seite 15, unten)Symbol Presse<\/li>\n<li>Unterfr\u00e4nkisches Kadertraining 18.11.2012 in Wertheim<br \/>\n<a href=\"https:\/\/jugend.ufra-schach.de\/wp-content\/uploads\/2015\/08\/Unterfraenkisches-Kadertraining-am-18112012.pdf\">Bericht<\/a><\/li>\n<\/ul>\n","protected":false},"excerpt":{"rendered":"<p>Das aktuelle\u00a0Programm findet sich hier: Kadertraining Unterfranken 2021 als PDF Archiv Kadertraining Unterfranken Anfang 2021 Kadertraining Unterfranken 2020 19. Unterfr\u00e4nkisches Kadertraining am 22.04.2018 in W\u00fcrzburg Einladung 18. Unterfr\u00e4nkisches Kadertraining am [&hellip;]<\/p>\n","protected":false},"author":1,"featured_media":0,"parent":516,"menu_order":0,"comment_status":"closed","ping_status":"closed","template":"","meta":{"footnotes":""},"class_list":["post-454","page","type-page","status-publish","hentry"],"_links":{"self":[{"href":"https:\/\/jugend.ufra-schach.de\/index.php\/wp-json\/wp\/v2\/pages\/454","targetHints":{"allow":["GET"]}}],"collection":[{"href":"https:\/\/jugend.ufra-schach.de\/index.php\/wp-json\/wp\/v2\/pages"}],"about":[{"href":"https:\/\/jugend.ufra-schach.de\/index.php\/wp-json\/wp\/v2\/types\/page"}],"author":[{"embeddable":true,"href":"https:\/\/jugend.ufra-schach.de\/index.php\/wp-json\/wp\/v2\/users\/1"}],"replies":[{"embeddable":true,"href":"https:\/\/jugend.ufra-schach.de\/index.php\/wp-json\/wp\/v2\/comments?post=454"}],"version-history":[{"count":0,"href":"https:\/\/jugend.ufra-schach.de\/index.php\/wp-json\/wp\/v2\/pages\/454\/revisions"}],"up":[{"embeddable":true,"href":"https:\/\/jugend.ufra-schach.de\/index.php\/wp-json\/wp\/v2\/pages\/516"}],"wp:attachment":[{"href":"https:\/\/jugend.ufra-schach.de\/index.php\/wp-json\/wp\/v2\/media?parent=454"}],"curies":[{"name":"wp","href":"https:\/\/api.w.org\/{rel}","templated":true}]}}