{"id":416,"date":"2015-08-09T07:56:23","date_gmt":"2015-08-09T05:56:23","guid":{"rendered":"http:\/\/jugend.ufra-schach.de\/?page_id=416"},"modified":"2023-04-27T15:25:31","modified_gmt":"2023-04-27T13:25:31","slug":"kaderprogramm","status":"publish","type":"page","link":"https:\/\/jugend.ufra-schach.de\/index.php\/kader\/kaderprogramm\/","title":{"rendered":"Kaderprogramm"},"content":{"rendered":"<h3>Ziele<\/h3>\n<ul>\n<li>Heranf\u00fchrung der Unterfr\u00e4nkischen Schachjugend an den Bayerischen Kader<\/li>\n<li>Schaffung eines zus\u00e4tzliches Trainingsangebotes f\u00fcr Perspektivspieler<\/li>\n<li>Spa\u00df und Leidenschaft am Schach f\u00f6rdern<\/li>\n<li>Vertiefung des Schachverst\u00e4ndnisses<\/li>\n<li>Schachpatenschaften durch Unterfr\u00e4nkische Meisterspieler<\/li>\n<\/ul>\n<h3>Zielgruppe<\/h3>\n<ul>\n<li>Kinder und Jugendliche bis maximal U14<\/li>\n<\/ul>\n<h3>Kaderkriterien<\/h3>\n<p><a href=\"https:\/\/jugend.ufra-schach.de\/wp-content\/uploads\/2020\/03\/Kaderkriterien-Unterfranken.pdf\">Kriterien zur Berufung von Jugendspielern in den Kader Schach Unterfranken<\/a><\/p>\n<p>Bei Fragen oder Interesse an der Kaderarbeit melden Sie sich bitte bei unserer Leistungssportbeauftragten WGM Olga Babiy (<a href=\"mailto:leistungssport@jugend.ufra-schach.de\">leistungssport@jugend.ufra-schach.de<\/a>).<\/p>\n","protected":false},"excerpt":{"rendered":"<p>Ziele Heranf\u00fchrung der Unterfr\u00e4nkischen Schachjugend an den Bayerischen Kader Schaffung eines zus\u00e4tzliches Trainingsangebotes f\u00fcr Perspektivspieler Spa\u00df und Leidenschaft am Schach f\u00f6rdern Vertiefung des Schachverst\u00e4ndnisses Schachpatenschaften durch Unterfr\u00e4nkische Meisterspieler Zielgruppe Kinder [&hellip;]<\/p>\n","protected":false},"author":1,"featured_media":0,"parent":516,"menu_order":0,"comment_status":"closed","ping_status":"closed","template":"","meta":{"footnotes":""},"class_list":["post-416","page","type-page","status-publish","hentry"],"_links":{"self":[{"href":"https:\/\/jugend.ufra-schach.de\/index.php\/wp-json\/wp\/v2\/pages\/416","targetHints":{"allow":["GET"]}}],"collection":[{"href":"https:\/\/jugend.ufra-schach.de\/index.php\/wp-json\/wp\/v2\/pages"}],"about":[{"href":"https:\/\/jugend.ufra-schach.de\/index.php\/wp-json\/wp\/v2\/types\/page"}],"author":[{"embeddable":true,"href":"https:\/\/jugend.ufra-schach.de\/index.php\/wp-json\/wp\/v2\/users\/1"}],"replies":[{"embeddable":true,"href":"https:\/\/jugend.ufra-schach.de\/index.php\/wp-json\/wp\/v2\/comments?post=416"}],"version-history":[{"count":0,"href":"https:\/\/jugend.ufra-schach.de\/index.php\/wp-json\/wp\/v2\/pages\/416\/revisions"}],"up":[{"embeddable":true,"href":"https:\/\/jugend.ufra-schach.de\/index.php\/wp-json\/wp\/v2\/pages\/516"}],"wp:attachment":[{"href":"https:\/\/jugend.ufra-schach.de\/index.php\/wp-json\/wp\/v2\/media?parent=416"}],"curies":[{"name":"wp","href":"https:\/\/api.w.org\/{rel}","templated":true}]}}