{"id":372,"date":"2015-08-07T05:56:16","date_gmt":"2015-08-07T03:56:16","guid":{"rendered":"http:\/\/jugend.ufra-schach.de\/?page_id=372"},"modified":"2019-09-29T19:42:28","modified_gmt":"2019-09-29T17:42:28","slug":"schulschach","status":"publish","type":"page","link":"https:\/\/jugend.ufra-schach.de\/index.php\/schulschach\/","title":{"rendered":"Schulschach"},"content":{"rendered":"<h2>Wertungsklassen und Mannschaften<\/h2>\n<p>Bei den Unterfr\u00e4nkischen Schulschachmeisterschaften wird in mehreren Wertungsklassen in Mannschaften von vier Sch\u00fclerinnen bzw. Sch\u00fclern gespielt: Von der Grundschule bis zur 12. Klasse sind alle Altersstufen dabei.<br \/>\nDie Siegesmannschaften jeder Wertungsklasse sind f\u00fcr die Bayerischen Schulschachmeisterschaften qualifiziert. Die Mannschaften, die dort gewinnen, d\u00fcrfen an den Deutschen Schulschachmeisterschaften teilnehmen.<\/p>\n<h2>Aktuelle und fr\u00fchere Schulschachmeisterschaften<\/h2>\n<p>Hier sind die Informationen zu den aktuellen und fr\u00fcheren Schulschachmeisterschaften zu finden:<\/p>\n<p><a href=\"https:\/\/jugend.ufra-schach.de\/index.php\/schulschach\/schulschach-2019-2020\/\">Schulschachmeisterschaften 2019\/2020<\/a><\/p>\n<p><a href=\"https:\/\/jugend.ufra-schach.de\/index.php\/schulschach\/schulschach-20182019\/\">Schulschachmeisterschaften 2018\/2019<\/a><\/p>\n<p><a href=\"https:\/\/jugend.ufra-schach.de\/index.php\/schulschach\/schulschach-20172018\/\">Schulschachmeisterschaften 2017\/2018<\/a><\/p>\n<p><a href=\"https:\/\/jugend.ufra-schach.de\/index.php\/schulschach\/schulschach-20162017\/\">Schulschachmeisterschaften 2016\/2017<\/a><\/p>\n<p><a href=\"https:\/\/jugend.ufra-schach.de\/index.php\/schulschach\/schulschach-20152016\/\">Schulschachmeisterschaften 2015\/2016<\/a><\/p>\n<p><a href=\"https:\/\/jugend.ufra-schach.de\/archiv\/schulschach.html\" target=\"_blank\">Schulschachmeisterschaften bis 2014\/2015 (\u00fcber die fr\u00fchere Website)<\/a><\/p>\n","protected":false},"excerpt":{"rendered":"<p>Wertungsklassen und Mannschaften Bei den Unterfr\u00e4nkischen Schulschachmeisterschaften wird in mehreren Wertungsklassen in Mannschaften von vier Sch\u00fclerinnen bzw. Sch\u00fclern gespielt: Von der Grundschule bis zur 12. Klasse sind alle Altersstufen dabei. [&hellip;]<\/p>\n","protected":false},"author":1,"featured_media":0,"parent":0,"menu_order":0,"comment_status":"closed","ping_status":"closed","template":"","meta":{"footnotes":""},"class_list":["post-372","page","type-page","status-publish","hentry"],"_links":{"self":[{"href":"https:\/\/jugend.ufra-schach.de\/index.php\/wp-json\/wp\/v2\/pages\/372","targetHints":{"allow":["GET"]}}],"collection":[{"href":"https:\/\/jugend.ufra-schach.de\/index.php\/wp-json\/wp\/v2\/pages"}],"about":[{"href":"https:\/\/jugend.ufra-schach.de\/index.php\/wp-json\/wp\/v2\/types\/page"}],"author":[{"embeddable":true,"href":"https:\/\/jugend.ufra-schach.de\/index.php\/wp-json\/wp\/v2\/users\/1"}],"replies":[{"embeddable":true,"href":"https:\/\/jugend.ufra-schach.de\/index.php\/wp-json\/wp\/v2\/comments?post=372"}],"version-history":[{"count":0,"href":"https:\/\/jugend.ufra-schach.de\/index.php\/wp-json\/wp\/v2\/pages\/372\/revisions"}],"wp:attachment":[{"href":"https:\/\/jugend.ufra-schach.de\/index.php\/wp-json\/wp\/v2\/media?parent=372"}],"curies":[{"name":"wp","href":"https:\/\/api.w.org\/{rel}","templated":true}]}}