{"id":3704,"date":"2017-09-02T21:09:30","date_gmt":"2017-09-02T19:09:30","guid":{"rendered":"http:\/\/jugend.ufra-schach.de\/?page_id=3704"},"modified":"2018-04-26T17:36:42","modified_gmt":"2018-04-26T15:36:42","slug":"kreis-mannschaftsmeisterschaften-20172018","status":"publish","type":"page","link":"https:\/\/jugend.ufra-schach.de\/index.php\/meisterschaften\/meisterschaften-20172018\/kreis-mannschaftsmeisterschaften-20172018\/","title":{"rendered":"Kreis-Mannschaftsmeisterschaften 2017\/2018"},"content":{"rendered":"<div class=\"panel-grid\" id=\"pg-3704-0\" ><div class=\"panel-grid-cell\" id=\"pgc-3704-0-0\" ><div class=\"panel widget widget_black-studio-tinymce panel-first-child panel-last-child\" id=\"panel-3704-0-0-0\"><h3 class=\"widget-title\">Kreis Spessart\/Untermain<\/h3><div class=\"textwidget\"><p><span class=\"icon_calendar\">&nbsp;&nbsp;<\/span> entf\u00e4llt<\/p>\n<\/div><\/div><\/div><div class=\"panel-grid-cell\" id=\"pgc-3704-0-1\" ><div class=\"panel widget widget_black-studio-tinymce panel-first-child panel-last-child\" id=\"panel-3704-0-1-0\"><h3 class=\"widget-title\">Kreis Mitte<\/h3><div class=\"textwidget\"><p><span class=\"icon_calendar\">&nbsp;&nbsp;<\/span> entf\u00e4llt<\/p>\n<\/div><\/div><\/div><div class=\"panel-grid-cell\" id=\"pgc-3704-0-2\" ><div class=\"panel widget widget_black-studio-tinymce panel-first-child panel-last-child\" id=\"panel-3704-0-2-0\"><h3 class=\"widget-title\">Kreis Ha\u00dfberge\/Rh\u00f6n<\/h3><div class=\"textwidget\"><p><span class=\"icon_calendar\">&nbsp;&nbsp;<\/span> entf\u00e4llt<\/p>\n<\/div><\/div><\/div><\/div>","protected":false},"excerpt":{"rendered":"<p>Kreis Spessart\/Untermain&nbsp;&nbsp; entf\u00e4llt Kreis Mitte&nbsp;&nbsp; entf\u00e4llt Kreis Ha\u00dfberge\/Rh\u00f6n&nbsp;&nbsp; entf\u00e4llt<\/p>\n","protected":false},"author":1,"featured_media":0,"parent":3692,"menu_order":0,"comment_status":"closed","ping_status":"closed","template":"","meta":{"footnotes":""},"class_list":["post-3704","page","type-page","status-publish","hentry"],"_links":{"self":[{"href":"https:\/\/jugend.ufra-schach.de\/index.php\/wp-json\/wp\/v2\/pages\/3704","targetHints":{"allow":["GET"]}}],"collection":[{"href":"https:\/\/jugend.ufra-schach.de\/index.php\/wp-json\/wp\/v2\/pages"}],"about":[{"href":"https:\/\/jugend.ufra-schach.de\/index.php\/wp-json\/wp\/v2\/types\/page"}],"author":[{"embeddable":true,"href":"https:\/\/jugend.ufra-schach.de\/index.php\/wp-json\/wp\/v2\/users\/1"}],"replies":[{"embeddable":true,"href":"https:\/\/jugend.ufra-schach.de\/index.php\/wp-json\/wp\/v2\/comments?post=3704"}],"version-history":[{"count":0,"href":"https:\/\/jugend.ufra-schach.de\/index.php\/wp-json\/wp\/v2\/pages\/3704\/revisions"}],"up":[{"embeddable":true,"href":"https:\/\/jugend.ufra-schach.de\/index.php\/wp-json\/wp\/v2\/pages\/3692"}],"wp:attachment":[{"href":"https:\/\/jugend.ufra-schach.de\/index.php\/wp-json\/wp\/v2\/media?parent=3704"}],"curies":[{"name":"wp","href":"https:\/\/api.w.org\/{rel}","templated":true}]}}