{"id":359,"date":"2015-08-06T21:57:56","date_gmt":"2015-08-06T19:57:56","guid":{"rendered":"http:\/\/jugend.ufra-schach.de\/?page_id=359"},"modified":"2022-02-23T16:20:24","modified_gmt":"2022-02-23T15:20:24","slug":"meisterschaften","status":"publish","type":"page","link":"https:\/\/jugend.ufra-schach.de\/index.php\/meisterschaften\/","title":{"rendered":"Meisterschaften"},"content":{"rendered":"<h2>Einzelmeisterschaften der Jugend<\/h2>\n<h3>Kreis-Einzelmeisterschaften der Jugend<\/h3>\n<p>Alle Mitglieder von unterfr\u00e4nkischen Schachvereinen k\u00f6nnen an den Kreis-Einzelmeisterschaften der Jugend teilnehmen. Die ersten drei Pl\u00e4tze von jeder Altersgruppe qualifizieren sich direkt f\u00fcr die Unterfr\u00e4nkischen Einzelmeisterschaften. Freipl\u00e4tze k\u00f6nnen auf Antrag vergeben werden.<\/p>\n<h3>Unterfr\u00e4nkische Einzelmeisterschaften der Jugend<\/h3>\n<p>Die Unterfr\u00e4nkischen Einzelmeisterschaften der Jugend sind der H\u00f6hepunkt der Schachsaison in der Unterfr\u00e4nkischen Schachjugend. Im allgemeinen finden sie in der ersten Januarwoche statt. Die ersten zwei Pl\u00e4tze von jeder Altersgruppe qualifizieren sich f\u00fcr die Bayerischen Einzelmeisterschaften. Auch dort k\u00f6nnen ggf. Freipl\u00e4tze beantragt werden. Die Sieger der Bayerischen Einzelmeisterschaften d\u00fcrfen an den Deutschen Einzelmeisterschaften teilnehmen.<\/p>\n<h2>Mannschaftsmeisterschaften der Jugend<\/h2>\n<p>Zus\u00e4tzlich k\u00f6nnen Vereinsmitglieder an den Kreis-Mannschaftsmeisterschaften teilnehmen. Die besten Mannschaften qualifizieren sich f\u00fcr die Unterfr\u00e4nkischen Mannschaftsmeisterschaften. F\u00fcr die Sieger geht es weiter zu den Bayerischen Mannschaftsmeisterschaften, von dort zu den Deutschen Mannschaftsmeisterschaften.<\/p>\n<h2>Blitz-Einzelmeisterschaften der Jugend<\/h2>\n<p>Ebenfalls einmal j\u00e4hrlich werden die unterfr\u00e4nkischen Blitz-Einzelmeisterschaften ausgerichtet.<\/p>\n<h2>Aktuelle und fr\u00fchere Meisterschaften<\/h2>\n<p>Hier sind die Informationen zu den aktuellen und fr\u00fcheren unterfr\u00e4nkischen Meisterschaften zu finden:<\/p>\n<p><a href=\"https:\/\/jugend.ufra-schach.de\/index.php\/meisterschaften\/meisterschaften-2021-2022\/unterfraenkische-einzelmeisterschaften-2021-2022\/\">Meisterschaften 2021\/2022<\/a><\/p>\n<p><a href=\"https:\/\/jugend.ufra-schach.de\/index.php\/meisterschaften\/meisterschaften-2019-2020\/\">Meisterschaften 2019\/2020<\/a><br \/>\n<a href=\"https:\/\/jugend.ufra-schach.de\/index.php\/meisterschaften\/meisterschaften-20182019\/\">Meisterschaften 2018\/2019<\/a><br \/>\n<a href=\"https:\/\/jugend.ufra-schach.de\/index.php\/meisterschaften\/meisterschaften-20172018\/\">Meisterschaften 2017\/2018<\/a><br \/>\n<a href=\"https:\/\/jugend.ufra-schach.de\/index.php\/meisterschaften\/meisterschaften-20162017\/\">Meisterschaften 2016\/2017<\/a><br \/>\n<a href=\"https:\/\/jugend.ufra-schach.de\/index.php\/meisterschaften\/meisterschaften-20152016\/\">Meisterschaften 2015\/2016<\/a><br \/>\n<a href=\"https:\/\/jugend.ufra-schach.de\/archiv\/kem.html\" target=\"_blank\" rel=\"noopener noreferrer\">Kreis-Meisterschaften bis 2014\/2015 (\u00fcber die fr\u00fchere Website)<\/a><br \/>\n<a href=\"https:\/\/jugend.ufra-schach.de\/archiv\/ufr-em.html\" target=\"_blank\" rel=\"noopener noreferrer\">Unterfr\u00e4nkische Meisterschaften bis 2014\/2015 (\u00fcber die fr\u00fchere Website)<\/a><\/p>\n","protected":false},"excerpt":{"rendered":"<p>Einzelmeisterschaften der Jugend Kreis-Einzelmeisterschaften der Jugend Alle Mitglieder von unterfr\u00e4nkischen Schachvereinen k\u00f6nnen an den Kreis-Einzelmeisterschaften der Jugend teilnehmen. Die ersten drei Pl\u00e4tze von jeder Altersgruppe qualifizieren sich direkt f\u00fcr die [&hellip;]<\/p>\n","protected":false},"author":1,"featured_media":0,"parent":0,"menu_order":0,"comment_status":"closed","ping_status":"closed","template":"","meta":{"footnotes":""},"class_list":["post-359","page","type-page","status-publish","hentry"],"_links":{"self":[{"href":"https:\/\/jugend.ufra-schach.de\/index.php\/wp-json\/wp\/v2\/pages\/359","targetHints":{"allow":["GET"]}}],"collection":[{"href":"https:\/\/jugend.ufra-schach.de\/index.php\/wp-json\/wp\/v2\/pages"}],"about":[{"href":"https:\/\/jugend.ufra-schach.de\/index.php\/wp-json\/wp\/v2\/types\/page"}],"author":[{"embeddable":true,"href":"https:\/\/jugend.ufra-schach.de\/index.php\/wp-json\/wp\/v2\/users\/1"}],"replies":[{"embeddable":true,"href":"https:\/\/jugend.ufra-schach.de\/index.php\/wp-json\/wp\/v2\/comments?post=359"}],"version-history":[{"count":0,"href":"https:\/\/jugend.ufra-schach.de\/index.php\/wp-json\/wp\/v2\/pages\/359\/revisions"}],"wp:attachment":[{"href":"https:\/\/jugend.ufra-schach.de\/index.php\/wp-json\/wp\/v2\/media?parent=359"}],"curies":[{"name":"wp","href":"https:\/\/api.w.org\/{rel}","templated":true}]}}