{"id":251,"date":"2015-07-31T13:38:03","date_gmt":"2015-07-31T11:38:03","guid":{"rendered":"http:\/\/jugend.ufra-schach.de\/?page_id=251"},"modified":"2018-09-06T19:54:59","modified_gmt":"2018-09-06T17:54:59","slug":"unterfraenkische-schachjugend","status":"publish","type":"page","link":"https:\/\/jugend.ufra-schach.de\/index.php\/unterfraenkische-schachjugend\/","title":{"rendered":"Unterfr\u00e4nkische Schachjugend"},"content":{"rendered":"<h2>\u00dcber uns<\/h2>\n<p>Die Unterfr\u00e4nkische Schachjugend ist die Jugendorganisation des <a href=\"http:\/\/ufra-schach.de\" target=\"_blank\">Unterfr\u00e4nkischen Schachverbands e. V.<\/a>. Sie besteht aus den Jugendspielern und Jugendbetreuern der Mitgliedsvereine des Unterfr\u00e4nkischen Schachverbandes e.V. (USV) (<a href=\"http:\/\/schach.in\/unterfranken-ev\/\" target=\"_blank\">Karte der Vereine<\/a>, <a href=\"http:\/\/schach.in\/unterfranken-ev\/liste\/\" target=\"_blank\">Liste der Vereine<\/a>).<br \/>\nDie Unterfr\u00e4nkische Schachjugend ist zudem Teil der <a href=\"http:\/\/www.bayerische-schachjugend.de\/\" target=\"_blank\">Bayerischen Schachjugend e. V.<\/a>. Dachorganisation der Landesverb\u00e4nde ist die <a href=\"http:\/\/www.deutsche-schachjugend.de\/\" target=\"_blank\">Deutsche Schachjugend e. V.<\/a>. <\/p>\n<h2>Organisation der Unterfr\u00e4nkischen Schachjugend<\/h2>\n<p>Die Gremien der Unterfr\u00e4nkischen Schachjugend bestehen aus dem <a href=\"https:\/\/jugend.ufra-schach.de\/index.php\/vorstand\/\">Vorstand<\/a> und der <a href=\"https:\/\/jugend.ufra-schach.de\/index.php\/versammlungen\/\">Jugendversammlung<\/a>. Die weiteren Details zur Organisation der Unterfr\u00e4nkischen Schachjugend sind in ihren <a href=\"https:\/\/jugend.ufra-schach.de\/index.php\/ordnungen\/\">Ordnungen<\/a>\u00a0 festgelegt. <\/p>\n<h2>Meisterschaften und Turniere<\/h2>\n<p>Die Unterfr\u00e4nkische Schachjugend richtet in jeder Saison <a href=\"https:\/\/jugend.ufra-schach.de\/index.php\/meisterschaften\/\">Einzel- und Mannschaftsmeisterschaften der Jugend<\/a>, <a href=\"https:\/\/jugend.ufra-schach.de\/index.php\/rapidturniere\/\">Rapidturniere<\/a> und <a href=\"https:\/\/jugend.ufra-schach.de\/index.php\/schulschach\/\">Schulschachmeisterschaften<\/a> aus. Dabei qualifizieren sich regelm\u00e4\u00dfig unterfr\u00e4nkische Spielerinnen und Spieler f\u00fcr <a href=\"https:\/\/jugend.ufra-schach.de\/index.php\/weitere-turniere\/\">\u00fcberregionale Meisterschaften auf bayerischer und deutscher Ebene<\/a>.<\/p>\n<p>Besonders geeignete Spielerinnen und Spieler werden in den <a href=\"https:\/\/jugend.ufra-schach.de\/index.php\/kader\/\">Unterfr\u00e4nkischen Kader<\/a> aufgenommen.<\/p>\n<h2>Ansprechpartner<\/h2>\n<p>Veranstaltungen im Rahmen der Unterfr\u00e4nkischen Schachjugend sollten <a href=\"https:\/\/jugend.ufra-schach.de\/index.php\/kontakt\/\">mit dem Bezirksjugendleiter bzw. mit dem Bezirksjugendspielleiter<\/a> vereinbart werden. Die Ank\u00fcndigungen f\u00fcr diese und weitere Veranstaltungen f\u00fcr die Rubrik &#8222;Bevorstehende Termine&#8220; bitte an die <a href=\"https:\/\/jugend.ufra-schach.de\/index.php\/kontakt\/\">Webmaster<\/a> schicken.<\/p>\n<p>&nbsp;<\/p>\n","protected":false},"excerpt":{"rendered":"<p>\u00dcber uns Die Unterfr\u00e4nkische Schachjugend ist die Jugendorganisation des Unterfr\u00e4nkischen Schachverbands e. V.. Sie besteht aus den Jugendspielern und Jugendbetreuern der Mitgliedsvereine des Unterfr\u00e4nkischen Schachverbandes e.V. (USV) (Karte der Vereine, [&hellip;]<\/p>\n","protected":false},"author":1,"featured_media":0,"parent":0,"menu_order":0,"comment_status":"closed","ping_status":"closed","template":"","meta":{"footnotes":""},"class_list":["post-251","page","type-page","status-publish","hentry"],"_links":{"self":[{"href":"https:\/\/jugend.ufra-schach.de\/index.php\/wp-json\/wp\/v2\/pages\/251","targetHints":{"allow":["GET"]}}],"collection":[{"href":"https:\/\/jugend.ufra-schach.de\/index.php\/wp-json\/wp\/v2\/pages"}],"about":[{"href":"https:\/\/jugend.ufra-schach.de\/index.php\/wp-json\/wp\/v2\/types\/page"}],"author":[{"embeddable":true,"href":"https:\/\/jugend.ufra-schach.de\/index.php\/wp-json\/wp\/v2\/users\/1"}],"replies":[{"embeddable":true,"href":"https:\/\/jugend.ufra-schach.de\/index.php\/wp-json\/wp\/v2\/comments?post=251"}],"version-history":[{"count":0,"href":"https:\/\/jugend.ufra-schach.de\/index.php\/wp-json\/wp\/v2\/pages\/251\/revisions"}],"wp:attachment":[{"href":"https:\/\/jugend.ufra-schach.de\/index.php\/wp-json\/wp\/v2\/media?parent=251"}],"curies":[{"name":"wp","href":"https:\/\/api.w.org\/{rel}","templated":true}]}}