{"id":25,"date":"2015-07-22T22:15:18","date_gmt":"2015-07-22T20:15:18","guid":{"rendered":"http:\/\/jugend.ufra-schach.de\/?page_id=25"},"modified":"2025-01-17T10:06:04","modified_gmt":"2025-01-17T09:06:04","slug":"ordnungen","status":"publish","type":"page","link":"https:\/\/jugend.ufra-schach.de\/index.php\/ordnungen\/","title":{"rendered":"Ordnungen"},"content":{"rendered":"<h2>Ordnungen der Unterfr\u00e4nkischen Schachjugend<\/h2>\n<p><a href=\"https:\/\/jugend.ufra-schach.de\/wp-content\/uploads\/2023\/03\/USJ-Ordnung_260323-1.pdf\">Jugendordnung der Unterfr\u00e4nkischen Schachjugend<\/a>, Stand 26.03.2023<br \/>In der Jugendordnung sind die Aufgaben, Mitgliedschaft und Gremien der Unterfr\u00e4nkischen Schachjugend festgelegt.<\/p>\n<p><a href=\"https:\/\/jugend.ufra-schach.de\/wp-content\/uploads\/2025\/01\/USJ-Turnierordnung_09012025.pdf\">Turnierordnung der Unterfr\u00e4nkischen Schachjugend<\/a>, Stand 09.01.2025<br \/>Die Turnierordnung regelt Altersklassen, Turniere und Meisterschaften, Spielregeln und Termine.<\/p>\n<p><a href=\"https:\/\/jugend.ufra-schach.de\/wp-content\/uploads\/2025\/01\/Richtlinie-fuer-Ausrichter-USJ_01-25.pdf\">Richtlinien f\u00fcr Ausrichter von Turnieren der USJ<\/a>, Stand 17.01.2025<\/p>\n<h2>Anti-Doping<\/h2>\n<p><span class=\"icon_document_alt\">\u00a0\u00a0<\/span><a href=\"http:\/\/www.deutsche-schachjugend.de\/fileadmin\/DEM2017\/pdfs\/Anti-Doping-Broschuere-2017.pdf\" target=\"blank\" rel=\"noopener\">Anti-Dopingbrosch\u00fcre der Deutschen Schachjugend<\/a><br \/>Stand 2017<\/p>\n<p><span class=\"icon_document_alt\">\u00a0\u00a0<\/span><a href=\"https:\/\/www.nada.de\/fileadmin\/user_upload\/nada\/Medizin\/170412_WADA_Verbotsliste_2017_-_Informatorische_UEbersetzung_Endfassung.pdf\" target=\"blank\" rel=\"noopener\">Verbotsliste (Doping) der\u00a0WADA (\u00dcbersetzung NADA)<\/a><br \/>Stand 2017<\/p>\n\n","protected":false},"excerpt":{"rendered":"<p>Ordnungen der Unterfr\u00e4nkischen Schachjugend Jugendordnung der Unterfr\u00e4nkischen Schachjugend, Stand 26.03.2023In der Jugendordnung sind die Aufgaben, Mitgliedschaft und Gremien der Unterfr\u00e4nkischen Schachjugend festgelegt. Turnierordnung der Unterfr\u00e4nkischen Schachjugend, Stand 09.01.2025Die Turnierordnung regelt [&hellip;]<\/p>\n","protected":false},"author":1,"featured_media":0,"parent":0,"menu_order":0,"comment_status":"closed","ping_status":"open","template":"","meta":{"footnotes":""},"class_list":["post-25","page","type-page","status-publish","hentry"],"_links":{"self":[{"href":"https:\/\/jugend.ufra-schach.de\/index.php\/wp-json\/wp\/v2\/pages\/25","targetHints":{"allow":["GET"]}}],"collection":[{"href":"https:\/\/jugend.ufra-schach.de\/index.php\/wp-json\/wp\/v2\/pages"}],"about":[{"href":"https:\/\/jugend.ufra-schach.de\/index.php\/wp-json\/wp\/v2\/types\/page"}],"author":[{"embeddable":true,"href":"https:\/\/jugend.ufra-schach.de\/index.php\/wp-json\/wp\/v2\/users\/1"}],"replies":[{"embeddable":true,"href":"https:\/\/jugend.ufra-schach.de\/index.php\/wp-json\/wp\/v2\/comments?post=25"}],"version-history":[{"count":0,"href":"https:\/\/jugend.ufra-schach.de\/index.php\/wp-json\/wp\/v2\/pages\/25\/revisions"}],"wp:attachment":[{"href":"https:\/\/jugend.ufra-schach.de\/index.php\/wp-json\/wp\/v2\/media?parent=25"}],"curies":[{"name":"wp","href":"https:\/\/api.w.org\/{rel}","templated":true}]}}