{"id":2279,"date":"2016-10-01T16:04:02","date_gmt":"2016-10-01T14:04:02","guid":{"rendered":"http:\/\/jugend.ufra-schach.de\/?page_id=2279"},"modified":"2017-02-05T21:37:37","modified_gmt":"2017-02-05T20:37:37","slug":"schulschach-20162017","status":"publish","type":"page","link":"https:\/\/jugend.ufra-schach.de\/index.php\/schulschach\/schulschach-20162017\/","title":{"rendered":"Schulschach 2016\/2017"},"content":{"rendered":"<h3 class=\"widget-title\">Unterfr\u00e4nkische Schulschachmeisterschaften<\/h3>\n<p><span class=\"icon_pushpin\">&nbsp;&nbsp;<\/span> W\u00fcrzburg<br \/>\n<span class=\"icon_calendar\">&nbsp;&nbsp;<\/span> 04.02.2017<br \/>\n<span class=\"icon_pencil\">&nbsp;&nbsp;<\/span> <a href=\"https:\/\/jugend.ufra-schach.de\/wp-content\/uploads\/2016\/12\/Unterfr\u00e4nkische-Schulschachmeisterschaft-2017-Ausschreibung-1.pdf\" target=\"blank\">Ausschreibung f\u00fcr alle Schulen<\/a>, <a href=\"https:\/\/jugend.ufra-schach.de\/wp-content\/uploads\/2016\/12\/Einladung-zum-Einsteigerturnier-2017-1.pdf\" target=\"blank\">Ausschreibung Einsteigerturnier zus\u00e4tzlich f\u00fcr Grundschulen<\/a><br \/>\n<span class=\"icon_table\">&nbsp;&nbsp;<\/span> <a href=\"https:\/\/jugend.ufra-schach.de\/index.php\/schulschach\/schulschach-20162017\/#ss17ergebnisse\">Ergebnisse<\/a><br \/>\n<span class=\"icon_document\">&nbsp;&nbsp;<\/span> Bericht<br \/>\n<span class=\"icon_image\">&nbsp;&nbsp;<\/span> Bildergalerie<\/p>\n<p><span id=\u201css17ergebnisse\u201c\/>\n<table id=\"tablepress-333\" class=\"tablepress tablepress-id-333\">\n<thead>\n<tr class=\"row-1\">\n\t<th class=\"column-1\">WK 2<\/th><th class=\"column-2\">WK 3<\/th><th class=\"column-3\">WK 4<\/th><th class=\"column-4\">Wk GS<\/th>\n<\/tr>\n<\/thead>\n<tbody class=\"row-striping row-hover\">\n<tr class=\"row-2\">\n\t<td class=\"column-1\"><a href=\"http:\/\/jugend.ufra-schach.de\/index.php\/schulschach-20162017-wk2\/#ss17mannwk2\" target=\"_blank\">Mannschaften<\/a><\/td><td class=\"column-2\"><a href=\"http:\/\/jugend.ufra-schach.de\/index.php\/schulschach-20162017-wk3\/#ss17mannwk3\" target=\"_blank\">Mannschaften<\/a><\/td><td class=\"column-3\"><a href=\"http:\/\/jugend.ufra-schach.de\/index.php\/schulschach-20162017-wk4\/#ss17mannwk4\" target=\"_blank\">Mannschaften<\/a><\/td><td class=\"column-4\"><a href=\"http:\/\/jugend.ufra-schach.de\/index.php\/schulschach-20162017-wkgs\/#ss17mannwkgs\" target=\"_blank\">Mannschaften<\/a><\/td>\n<\/tr>\n<tr class=\"row-3\">\n\t<td class=\"column-1\"><a href=\"http:\/\/jugend.ufra-schach.de\/index.php\/schulschach\/schulschach-20162017-wk2\/#ss17paarwk2\" target=\"_blank\">Paarungsliste<\/a><\/td><td class=\"column-2\"><a href=\"http:\/\/jugend.ufra-schach.de\/index.php\/schulschach-20162017-wk3\/#ss17paarwk3\" target=\"_blank\">Paarungsliste<\/a><\/td><td class=\"column-3\"><a href=\"http:\/\/jugend.ufra-schach.de\/index.php\/schulschach-20162017-wk4\/#ss17paarwk4\" target=\"_blank\">Paarungsliste<\/a><\/td><td class=\"column-4\"><a href=\"http:\/\/jugend.ufra-schach.de\/index.php\/schulschach-20162017-wkgs\/#ss17paarwkgs\" target=\"_blank\">Paarungsliste<\/a><\/td>\n<\/tr>\n<tr class=\"row-4\">\n\t<td class=\"column-1\"><a href=\"http:\/\/jugend.ufra-schach.de\/index.php\/schulschach-20162017-wk2\/#ss17rangwk2\" target=\"_blank\">Rangliste<\/a><\/td><td class=\"column-2\"><a href=\"http:\/\/jugend.ufra-schach.de\/index.php\/schulschach-20162017-wk3\/#ss17rangwk3\" target=\"_blank\">Rangliste<\/a><\/td><td class=\"column-3\"><a href=\"http:\/\/jugend.ufra-schach.de\/index.php\/schulschach-20162017-wk4\/#ss17rangwk4\" target=\"_blank\">Rangliste<\/a><\/td><td class=\"column-4\"><a href=\"http:\/\/jugend.ufra-schach.de\/index.php\/schulschach-20162017-wkgs\/#ss17rangwkgs\" target=\"_blank\">Rangliste<\/a><\/td>\n<\/tr>\n<tr class=\"row-5\">\n\t<td class=\"column-1\"><a href=\"http:\/\/jugend.ufra-schach.de\/index.php\/schulschach-20162017-wk2\/#ss17rangaswk2\" target=\"_blank\">Rangliste alle Spieler<\/a><\/td><td class=\"column-2\"><a href=\"http:\/\/jugend.ufra-schach.de\/index.php\/schulschach-20162017-wk3\/#ss17rangaswk3\" target=\"_blank\">Rangliste  alle Spieler<\/a><\/td><td class=\"column-3\"><a href=\"http:\/\/jugend.ufra-schach.de\/index.php\/schulschach-20162017-wk4\/#ss17rangaswk4\" target=\"_blank\">Rangliste  alle Spieler<\/a><\/td><td class=\"column-4\"><a href=\"http:\/\/jugend.ufra-schach.de\/index.php\/schulschach-20162017-wkgs\/#ss17rangaswkgs\" target=\"_blank\">Rangliste  alle Spieler<\/a><\/td>\n<\/tr>\n<\/tbody>\n<\/table>\n<!-- #tablepress-333 from cache --><br \/>\nDie Ergebnisse der Wertungsklassen M\u00e4dchen und MS sind in den Tabellen der Wertungsklassen 2-4 enthalten.<\/p>\n<p><strong>Wertungsklassen<\/strong><br \/>\nWertungsklasse 1: Sch\u00fcler bis 12. Klasse<br \/>\nWertungsklasse 2: Jahrgang 2000 und j\u00fcnger<br \/>\nWertungsklasse 3: Jahrgang 2002 und j\u00fcnger<br \/>\nWertungsklasse 4: Jahrgang 2004 und j\u00fcnger<br \/>\nWertungsklasse M\u00e4dchen: Sch\u00fclerinnen bis 12. Klasse<br \/>\nWertungsklasse MS: Mittelschule\/Realschule<br \/>\nWertungsklasse Grundschule: Jahrgangsstufen 1 &#8211; 4<\/p>\n","protected":false},"excerpt":{"rendered":"<p>Unterfr\u00e4nkische Schulschachmeisterschaften &nbsp;&nbsp; W\u00fcrzburg &nbsp;&nbsp; 04.02.2017 &nbsp;&nbsp; Ausschreibung f\u00fcr alle Schulen, Ausschreibung Einsteigerturnier zus\u00e4tzlich f\u00fcr Grundschulen &nbsp;&nbsp; Ergebnisse &nbsp;&nbsp; Bericht &nbsp;&nbsp; Bildergalerie Die Ergebnisse der Wertungsklassen M\u00e4dchen und MS sind [&hellip;]<\/p>\n","protected":false},"author":1,"featured_media":0,"parent":372,"menu_order":0,"comment_status":"closed","ping_status":"closed","template":"","meta":{"footnotes":""},"class_list":["post-2279","page","type-page","status-publish","hentry"],"_links":{"self":[{"href":"https:\/\/jugend.ufra-schach.de\/index.php\/wp-json\/wp\/v2\/pages\/2279","targetHints":{"allow":["GET"]}}],"collection":[{"href":"https:\/\/jugend.ufra-schach.de\/index.php\/wp-json\/wp\/v2\/pages"}],"about":[{"href":"https:\/\/jugend.ufra-schach.de\/index.php\/wp-json\/wp\/v2\/types\/page"}],"author":[{"embeddable":true,"href":"https:\/\/jugend.ufra-schach.de\/index.php\/wp-json\/wp\/v2\/users\/1"}],"replies":[{"embeddable":true,"href":"https:\/\/jugend.ufra-schach.de\/index.php\/wp-json\/wp\/v2\/comments?post=2279"}],"version-history":[{"count":0,"href":"https:\/\/jugend.ufra-schach.de\/index.php\/wp-json\/wp\/v2\/pages\/2279\/revisions"}],"up":[{"embeddable":true,"href":"https:\/\/jugend.ufra-schach.de\/index.php\/wp-json\/wp\/v2\/pages\/372"}],"wp:attachment":[{"href":"https:\/\/jugend.ufra-schach.de\/index.php\/wp-json\/wp\/v2\/media?parent=2279"}],"curies":[{"name":"wp","href":"https:\/\/api.w.org\/{rel}","templated":true}]}}