{"id":134,"date":"2015-07-27T00:21:33","date_gmt":"2015-07-26T22:21:33","guid":{"rendered":"http:\/\/jugend.ufra-schach.de\/?page_id=134"},"modified":"2025-02-09T18:37:52","modified_gmt":"2025-02-09T17:37:52","slug":"impressum","status":"publish","type":"page","link":"https:\/\/jugend.ufra-schach.de\/index.php\/impressum\/","title":{"rendered":"Impressum"},"content":{"rendered":"<div class=\"panel-grid\" id=\"pg-134-0\" ><div class=\"panel-grid-cell\" id=\"pgc-134-0-0\" ><div class=\"panel widget widget_black-studio-tinymce panel-first-child panel-last-child\" id=\"panel-134-0-0-0\"><div class=\"textwidget\"><p>Die Unterfr\u00e4nkische Schachjugend ist die Organisation der Jugend des Unterfr\u00e4nkischen Schachverbandes e.V.<\/p>\n<p>Der Unterfr\u00e4nkische Schachverband e.V. ist beim Amtsgericht W\u00fcrzburg als Registergericht im Vereinsregister unter der Nummer VR 496 eingetragen.<\/p>\n<p>Verantwortlicher Leiter der Unterfr\u00e4nkischen Schachjugend ist der Bezirksjugendleiter, gesetzliche Vertreter sind laut Satzung des Unterfr\u00e4nkischen Schachverbandes e.V. dessen 1. Vorsitzender, 2. Vorsitzender oder 3. Vorsitzender, die alle alleinvertretungsberechtigt sind.<\/p>\n<\/div><\/div><\/div><\/div><div class=\"panel-grid\" id=\"pg-134-1\" ><div class=\"panel-grid-cell\" id=\"pgc-134-1-0\" ><div class=\"panel widget widget_black-studio-tinymce panel-first-child panel-last-child\" id=\"panel-134-1-0-0\"><h3 class=\"widget-title\">Bezirksjugendleiterin<\/h3><div class=\"textwidget\"><p>Katharina Senft<\/p>\n<ul>\n<li><a href=\"mailto:jugendleiter@jugend.ufra-schach.de\">Email Bezirksjugendleiter<\/a><\/li>\n<\/ul>\n<\/div><\/div><\/div><div class=\"panel-grid-cell\" id=\"pgc-134-1-1\" ><div class=\"panel widget widget_black-studio-tinymce panel-first-child panel-last-child\" id=\"panel-134-1-1-0\"><h3 class=\"widget-title\">Webmaster<\/h3><div class=\"textwidget\"><p>Niklas Orf<\/p>\n<ul>\n<li><a href=\"mailto:webmaster@jugend.ufra-schach.de\">Email Webmaster<\/a><\/li>\n<\/ul>\n<\/div><\/div><\/div><\/div><div class=\"panel-grid\" id=\"pg-134-2\" ><div class=\"panel-grid-cell\" id=\"pgc-134-2-0\" ><div class=\"panel widget widget_black-studio-tinymce panel-first-child panel-last-child\" id=\"panel-134-2-0-0\"><h3 class=\"widget-title\">Gesetzliche Vertreter Unterfr\u00e4nkischer Schachverband e.V.<\/h3><div class=\"textwidget\"><\/div><\/div><\/div><\/div><div class=\"panel-grid\" id=\"pg-134-3\" ><div class=\"panel-grid-cell\" id=\"pgc-134-3-0\" ><div class=\"panel widget widget_black-studio-tinymce panel-first-child panel-last-child\" id=\"panel-134-3-0-0\"><h3 class=\"widget-title\">1. Vorsitzender<\/h3><div class=\"textwidget\"><p>Dr. Harald R. Bittner<\/p>\n<ul>\n<li>Poppenrother Stra\u00dfe 31<\/li>\n<li>97688 Poppenroth<\/li>\n<li>Telefon (09736) 7519110<\/li>\n<li>Fax (09736) 7519111<\/li>\n<li><a href=\"mailto:DrBittner@3stein.com\">Email 1. Vorsitzender<\/a><\/li>\n<\/ul>\n<\/div><\/div><\/div><div class=\"panel-grid-cell\" id=\"pgc-134-3-1\" ><div class=\"panel widget widget_black-studio-tinymce panel-first-child panel-last-child\" id=\"panel-134-3-1-0\"><h3 class=\"widget-title\">2. Vorsitzender<\/h3><div class=\"textwidget\"><p>J\u00fcrgen M\u00fcller<\/p>\n<ul>\n<li>Keltenring 5<\/li>\n<li>97633 Kleinbardorf<\/li>\n<li>Telefon (09761) 39151<\/li>\n<li><a href=\"mailto:muellerjam@t-online.de\">Email 2. Vorsitzender<\/a><\/li>\n<\/ul>\n<\/div><\/div><\/div><div class=\"panel-grid-cell\" id=\"pgc-134-3-2\" ><div class=\"panel widget widget_black-studio-tinymce panel-first-child panel-last-child\" id=\"panel-134-3-2-0\"><h3 class=\"widget-title\">3. Vorsitzender<\/h3><div class=\"textwidget\"><p>Wolfgang K\u00fcnstler<\/p>\n<ul>\n<li>Ostendstr. 12<\/li>\n<li>63814 Mainaschaff<\/li>\n<li>(06021) 73489<\/li>\n<li><a href=\"mailto:wolfgang.kuenstler@t-online.de\">Email 3. Vorsitzender<\/a><\/li>\n<\/ul>\n<\/div><\/div><\/div><\/div>","protected":false},"excerpt":{"rendered":"<p>Die Unterfr\u00e4nkische Schachjugend ist die Organisation der Jugend des Unterfr\u00e4nkischen Schachverbandes e.V. Der Unterfr\u00e4nkische Schachverband e.V. ist beim Amtsgericht W\u00fcrzburg als Registergericht im Vereinsregister unter der Nummer VR 496 eingetragen. [&hellip;]<\/p>\n","protected":false},"author":1,"featured_media":0,"parent":0,"menu_order":0,"comment_status":"closed","ping_status":"closed","template":"","meta":{"footnotes":""},"class_list":["post-134","page","type-page","status-publish","hentry"],"_links":{"self":[{"href":"https:\/\/jugend.ufra-schach.de\/index.php\/wp-json\/wp\/v2\/pages\/134","targetHints":{"allow":["GET"]}}],"collection":[{"href":"https:\/\/jugend.ufra-schach.de\/index.php\/wp-json\/wp\/v2\/pages"}],"about":[{"href":"https:\/\/jugend.ufra-schach.de\/index.php\/wp-json\/wp\/v2\/types\/page"}],"author":[{"embeddable":true,"href":"https:\/\/jugend.ufra-schach.de\/index.php\/wp-json\/wp\/v2\/users\/1"}],"replies":[{"embeddable":true,"href":"https:\/\/jugend.ufra-schach.de\/index.php\/wp-json\/wp\/v2\/comments?post=134"}],"version-history":[{"count":0,"href":"https:\/\/jugend.ufra-schach.de\/index.php\/wp-json\/wp\/v2\/pages\/134\/revisions"}],"wp:attachment":[{"href":"https:\/\/jugend.ufra-schach.de\/index.php\/wp-json\/wp\/v2\/media?parent=134"}],"curies":[{"name":"wp","href":"https:\/\/api.w.org\/{rel}","templated":true}]}}